{"id":633,"date":"2023-01-11T09:25:06","date_gmt":"2023-01-11T09:25:06","guid":{"rendered":"https:\/\/www.gucfp.com\/tu-thuoc-gia-dinh\/chung-ngua\/"},"modified":"2023-04-06T12:38:58","modified_gmt":"2023-04-06T12:38:58","slug":"chung-ngua","status":"publish","type":"page","link":"https:\/\/www.gucfp.com\/vi\/tu-thuoc-gia-dinh\/chung-ngua\/","title":{"rendered":"ch\u1ee7ng ng\u1eeba"},"content":{"rendered":"\n<h1 class=\"wp-block-heading\">MI\u1ec4N D\u1ecaCH B\u1eaeC B\u1eaeC<\/h1>\n\n<h3 class=\"wp-block-heading\">Ti\u00eam ch\u1ee7ng cho c\u1ea3 gia \u0111\u00ecnh<\/h3>\n\n<p>Gwinnett Urgent Care &amp; Family Practice l\u00e0 <a href=\"https:\/\/www.gucfp.com\/vi\/tu-thuoc-gia-dinh\/\">b\u00e1c s\u0129 gia \u0111\u00ecnh<\/a> v\u00e0 nh\u00e0 cung c\u1ea5p d\u1ecbch v\u1ee5 <a href=\"https:\/\/www.gucfp.com\/vi\/cham-soc-dac-biet\/\">ch\u0103m s\u00f3c kh\u1ea9n<\/a> c\u1ea5p c\u1ee7a b\u1ea1n \u1edf Norcross, GA. Ch\u00fang t\u00f4i tin v\u00e0o t\u1ea7m quan tr\u1ecdng c\u1ee7a vi\u1ec7c ch\u0103m s\u00f3c ph\u00f2ng ng\u1eeba \u1edf m\u1ecdi l\u1ee9a tu\u1ed5i v\u00e0 khuy\u00ean b\u1ea1n n\u00ean ch\u1ee7ng ng\u1eeba ph\u00f9 h\u1ee3p v\u1edbi ho\u00e0n c\u1ea3nh c\u1ee7a m\u00ecnh. <a href=\"https:\/\/www.gucfp.com\/vi\/ve-chung-toi\/\">Nh\u00f3m c\u1ee7a ch\u00fang t\u00f4i<\/a> c\u00f3 th\u1ec3 gi\u00fap b\u1ea1n x\u00e1c \u0111\u1ecbnh lo\u1ea1i ch\u1ee7ng ng\u1eeba n\u00e0o b\u1ea1n c\u1ea7n \u0111\u1ec3 gi\u1eef s\u1ee9c kh\u1ecfe.<\/p>\n\n<p>Ch\u00fang t\u00f4i cung c\u1ea5p c\u00e1c d\u1ecbch v\u1ee5 ch\u0103m s\u00f3c y t\u1ebf b\u1eb1ng ti\u1ebfng Anh, ti\u1ebfng Vi\u1ec7t v\u00e0 ti\u1ebfng T\u00e2y Ban Nha, \u0111\u1ed3ng th\u1eddi ch\u00fang t\u00f4i ch\u1ea5p nh\u1eadn nhi\u1ec1u ch\u01b0\u01a1ng tr\u00ecnh b\u1ea3o hi\u1ec3m v\u00e0 ph\u01b0\u01a1ng th\u1ee9c thanh to\u00e1n kh\u00e1c nhau. C\u00e1c d\u1ecbch v\u1ee5 gi\u00e1 c\u1ea3 ph\u1ea3i ch\u0103ng c\u1ee7a ch\u00fang t\u00f4i c\u0169ng gi\u00fap cho c\u00e1c b\u1ec7nh nh\u00e2n kh\u00f4ng c\u00f3 b\u1ea3o hi\u1ec3m c\u00f3 th\u1ec3 ti\u1ebfp c\u1eadn d\u1ecbch v\u1ee5 ch\u0103m s\u00f3c y t\u1ebf.<\/p>\n\n<p>\u0110\u1ed1i v\u1edbi vi\u1ec7c ch\u1ee7ng ng\u1eeba, ch\u00fang t\u00f4i y\u00eau c\u1ea7u b\u1ea1n \u0111\u1eb7t l\u1ecbch h\u1eb9n \u0111\u1ec3 \u0111\u1ea3m b\u1ea3o ch\u00fang t\u00f4i c\u00f3 s\u1eb5n c\u00e1c lo\u1ea1i v\u1eafc xin th\u00edch h\u1ee3p cho l\u1ea7n kh\u00e1m c\u1ee7a b\u1ea1n.<\/p>\n\n<p class=\"text-highlight v2 bg-box bordered side-padding-medium vertical-padding-tiny\"><strong>C\u00e1c b\u00e1c s\u0129 c\u1ee7a ch\u00fang t\u00f4i c\u00f3 th\u1ec3 gi\u00fap b\u1ea1n v\u00e0 gia \u0111\u00ecnh c\u1eadp nh\u1eadt th\u00f4ng tin v\u1ec1 v\u1eafc xin! G\u1ecdi ngay h\u00f4m nay theo s\u1ed1 <a href=\"tel:470-275-4911\">470-275-4911<\/a> ho\u1eb7c li\u00ean h\u1ec7 v\u1edbi ch\u00fang t\u00f4i qua <a href=\"https:\/\/www.gucfp.com\/vi\/lien-he-chung-toi\/\">bi\u1ec3u m\u1eabu li\u00ean h\u1ec7 tr\u1ef1c tuy\u1ebfn c\u1ee7a ch\u00fang t\u00f4i<\/a> .<\/strong><\/p>\n\n<h2 class=\"wp-block-heading\">L\u1ee3i \u00edch s\u1ee9c kh\u1ecfe c\u1ee7a vi\u1ec7c ch\u1ee7ng ng\u1eeba<\/h2>\n\n<p>V\u1eafc xin gi\u00fap b\u1ea3o v\u1ec7 ch\u1ed1ng l\u1ea1i nhi\u1ec1u lo\u1ea1i b\u1ec7nh c\u00f3 th\u1ec3 ph\u00f2ng ng\u1eeba \u0111\u01b0\u1ee3c. Nh\u1eefng ng\u01b0\u1eddi \u0111\u01b0\u1ee3c ti\u00eam ph\u00f2ng th\u01b0\u1eddng \u00edt c\u00f3 kh\u1ea3 n\u0103ng m\u1eafc b\u1ec7nh m\u00e0 h\u1ecd \u0111\u00e3 \u0111\u01b0\u1ee3c ti\u00eam ph\u00f2ng; n\u1ebfu h\u1ecd b\u1eaft \u0111\u01b0\u1ee3c n\u00f3, \u0111\u00f3 th\u01b0\u1eddng l\u00e0 m\u1ed9t tr\u01b0\u1eddng h\u1ee3p nh\u1eb9. D\u00f9 b\u1eb1ng c\u00e1ch n\u00e0o, v\u1eafc-xin l\u00e0 n\u1ec1n t\u1ea3ng c\u1ee7a s\u1ee9c kh\u1ecfe t\u1ed1i \u01b0u \u1edf m\u1ecdi l\u1ee9a tu\u1ed5i. H\u1ecd \u0111\u00e3 c\u1ee9u s\u1ed1ng h\u00e0ng tri\u1ec7u ng\u01b0\u1eddi trong nh\u1eefng n\u0103m qua.<\/p>\n\n<p>M\u1ed9t s\u1ed1 lo\u1ea1i v\u1eafc-xin \u0111\u01b0\u1ee3c y\u00eau c\u1ea7u theo \u0111\u1ed9 tu\u1ed5i c\u1ee5 th\u1ec3 (\u0111\u1eb7c bi\u1ec7t l\u00e0 \u0111\u1ed1i v\u1edbi tr\u1ebb s\u01a1 sinh, tr\u1ebb em v\u00e0 thanh thi\u1ebfu ni\u00ean). N\u1ebfu b\u1ea1n ch\u01b0a \u0111\u01b0\u1ee3c ch\u1ee7ng ng\u1eeba khi c\u00f2n tr\u1ebb, b\u1ea1n c\u00f3 th\u1ec3 ti\u00eam ngay b\u00e2y gi\u1edd. Kh\u00f4ng bao gi\u1edd l\u00e0 qu\u00e1 mu\u1ed9n \u0111\u1ec3 trao \u0111\u1ed5i v\u1ec1 vi\u1ec7c ch\u1ee7ng ng\u1eeba v\u1edbi b\u00e1c s\u0129 c\u1ee7a b\u1ea1n. Nh\u00f3m c\u1ee7a ch\u00fang t\u00f4i t\u1ea1i Gwinnett Urgent Care &amp; Family Practice r\u1ea5t s\u1eb5n l\u00f2ng th\u1ea3o lu\u1eadn v\u1ec1 ti\u1ec1n s\u1eed b\u1ec7nh c\u1ee7a b\u1ea1n v\u00e0 xem nh\u1eefng lo\u1ea1i v\u1eafc-xin n\u00e0o c\u00f3 th\u1ec3 gi\u00fap \u00edch cho b\u1ea1n.<\/p>\n\n<p><strong>Ch\u1ee7ng ng\u1eeba ph\u1ed5 bi\u1ebfn bao g\u1ed3m:<\/strong><\/p>\n\n<ul class=\"wp-block-list\">\n<li>Th\u1ee7y \u0111\u1eadu (Varicella)<\/li>\n\n\n\n<li>Tdap (B\u1ea1ch h\u1ea7u, U\u1ed1n v\u00e1n, Ho g\u00e0)<\/li>\n\n\n\n<li>C\u00fam (C\u00fam)<\/li>\n\n\n\n<li>vi\u00eam gan A<\/li>\n\n\n\n<li>B\u1ec7nh vi\u00eam gan B<\/li>\n\n\n\n<li>HPV (Vi r\u00fat u nh\u00fa \u1edf ng\u01b0\u1eddi)<\/li>\n\n\n\n<li>B\u1ec7nh s\u1edfi<\/li>\n\n\n\n<li>quai b\u1ecb<\/li>\n\n\n\n<li>B\u1ec7nh b\u1ea1i li\u1ec7t<\/li>\n\n\n\n<li>B\u1ec7nh zona<\/li>\n<\/ul>\n\n<p>M\u1ed9t s\u1ed1 v\u1eafc-xin l\u00e0 b\u1eaft bu\u1ed9c \u0111\u1ed1i v\u1edbi c\u00e1c c\u00f4ng vi\u1ec7c ho\u1eb7c chuy\u1ebfn du l\u1ecbch c\u1ee5 th\u1ec3. N\u1ebfu b\u1ea1n s\u1eafp ra n\u01b0\u1edbc ngo\u00e0i, t\u00ecm hi\u1ec3u nh\u1eefng lo\u1ea1i ch\u1ee7ng ng\u1eeba c\u00f3 th\u1ec3 \u0111\u01b0\u1ee3c y\u00eau c\u1ea7u lu\u00f4n l\u00e0 m\u1ed9t \u0111i\u1ec1u t\u1ed1t.<\/p>\n\n<h3 class=\"wp-block-heading\">\u0110\u1ea3m b\u1ea3o ti\u00eam ph\u00f2ng c\u00fam h\u00e0ng n\u0103m<\/h3>\n\n<p>Ti\u00eam ph\u00f2ng c\u00fam h\u00e0ng n\u0103m l\u00e0 ph\u01b0\u01a1ng ph\u00e1p ch\u0103m s\u00f3c s\u1ee9c kh\u1ecfe t\u1ed1t nh\u1ea5t m\u00e0 m\u1ecdi ng\u01b0\u1eddi tr\u01b0\u1edfng th\u00e0nh \u0111\u1ee7 \u0111i\u1ec1u ki\u1ec7n n\u00ean t\u1eadn d\u1ee5ng. V\u1eafc-xin c\u00fam l\u00e0 c\u00e1ch t\u1ed1t nh\u1ea5t \u0111\u1ec3 b\u1ea3o v\u1ec7 b\u1ea1n kh\u1ecfi vi-r\u00fat c\u00fam (c\u00fam). M\u00f9a c\u00fam c\u00f3 th\u1ec3 k\u00e9o d\u00e0i t\u1eeb th\u00e1ng 10 \u0111\u1ebfn th\u00e1ng 5, v\u00ec v\u1eady b\u1ea1n n\u00ean ti\u00eam v\u1eafc-xin ngay khi v\u1eafc-xin c\u00f3 s\u1eb5n v\u00e0o m\u00f9a thu. N\u1ebfu b\u1ea1n kh\u00f4ng ti\u00eam v\u00e0o th\u00e1ng 12 ho\u1eb7c th\u00e1ng 1, th\u00ec c\u0169ng kh\u00f4ng qu\u00e1 mu\u1ed9n \u0111\u1ec3 ti\u00eam v\u00e0o m\u00f9a xu\u00e2n.<\/p>\n\n<p>Vi\u1ec7c ch\u1ee7ng ng\u1eeba c\u00f3 hi\u1ec7u qu\u1ea3 kho\u1ea3ng 2 tu\u1ea7n sau khi ti\u00eam. Ngay c\u1ea3 khi \u0111\u00e3 \u0111\u01b0\u1ee3c b\u1ea3o v\u1ec7 ho\u00e0n to\u00e0n, b\u1ea1n v\u1eabn n\u00ean ti\u1ebfp t\u1ee5c tu\u00e2n theo c\u00e1c bi\u1ec7n ph\u00e1p ph\u00f2ng ng\u1eeba v\u1ec7 sinh th\u00edch h\u1ee3p, ch\u1eb3ng h\u1ea1n nh\u01b0 r\u1eeda tay v\u00e0 che mi\u1ec7ng v\u00e0 m\u0169i b\u1eb1ng kh\u0103n gi\u1ea5y ho\u1eb7c khu\u1ef7u tay khi ho.<\/p>\n\n<p>Vi\u1ec7c ti\u00eam v\u1eafc-xin l\u00e0 r\u1ea5t quan tr\u1ecdng v\u00e0 gi\u00fap b\u1ea1n kh\u00f4ng ch\u1ec9 b\u1ecb c\u00fam m\u00e0 c\u00f2n tr\u00e1nh l\u00e2y nhi\u1ec5m cho nh\u1eefng ng\u01b0\u1eddi \u0111\u1eb7c bi\u1ec7t c\u00f3 nguy c\u01a1 m\u1eafc b\u1ec7nh (tr\u1ebb m\u1edbi bi\u1ebft \u0111i, ng\u01b0\u1eddi l\u1edbn tu\u1ed5i) v\u00e0\/ho\u1eb7c nh\u1eefng ng\u01b0\u1eddi kh\u00f4ng th\u1ec3 ti\u00eam v\u1eafc-xin do c\u00e1c t\u00ecnh tr\u1ea1ng b\u1ec7nh l\u00fd. Ch\u00fang t\u00f4i s\u1ebd \u0111\u1ea3m b\u1ea3o r\u1eb1ng b\u1ea1n \u0111\u1ee7 \u0111i\u1ec1u ki\u1ec7n tr\u01b0\u1edbc khi ti\u00eam ph\u00f2ng c\u00fam cho b\u1ea1n.<\/p>\n\n<p class=\"text-highlight v8 flex-between-middle bg-box unlike-bg side-padding-medium vertical-padding-tiny\"><strong>N\u1ebfu b\u1ea1n ho\u1eb7c ng\u01b0\u1eddi th\u00e2n c\u1ee7a b\u1ea1n c\u1ea7n ch\u1ee7ng ng\u1eeba Norcross, h\u00e3y g\u1ecdi cho ch\u00fang t\u00f4i theo s\u1ed1 <a href=\"tel:470-275-4911\">470-275-4911<\/a> ho\u1eb7c s\u1eed d\u1ee5ng <a href=\"https:\/\/www.gucfp.com\/vi\/lien-he-chung-toi\/\">m\u1eabu li\u00ean h\u1ec7 tr\u1ef1c tuy\u1ebfn c\u1ee7a ch\u00fang t\u00f4i<\/a> \u0111\u1ec3 \u0111\u1eb7t l\u1ecbch h\u1eb9n.<\/strong><\/p>\n","protected":false},"excerpt":{"rendered":"<p>MI\u1ec4N D\u1ecaCH B\u1eaeC B\u1eaeC Ti\u00eam ch\u1ee7ng cho c\u1ea3 gia \u0111\u00ecnh Gwinnett Urgent Care &amp; Family Practice l\u00e0 b\u00e1c s\u0129 gia \u0111\u00ecnh v\u00e0 nh\u00e0 cung c\u1ea5p d\u1ecbch v\u1ee5 ch\u0103m s\u00f3c kh\u1ea9n c\u1ea5p c\u1ee7a b\u1ea1n \u1edf Norcross, GA. Ch\u00fang t\u00f4i tin v\u00e0o t\u1ea7m quan tr\u1ecdng c\u1ee7a vi\u1ec7c ch\u0103m s\u00f3c ph\u00f2ng ng\u1eeba \u1edf m\u1ecdi l\u1ee9a tu\u1ed5i v\u00e0 khuy\u00ean [&hellip;]<\/p>\n","protected":false},"author":2,"featured_media":556,"parent":589,"menu_order":0,"comment_status":"closed","ping_status":"closed","template":"templates\/service_inner.php","meta":{"_acf_changed":false,"_monsterinsights_skip_tracking":false,"_monsterinsights_sitenote_active":false,"_monsterinsights_sitenote_note":"","_monsterinsights_sitenote_category":0,"footnotes":""},"class_list":["post-633","page","type-page","status-publish","has-post-thumbnail","hentry"],"acf":[],"yoast_head":"<!-- This site is optimized with the Yoast SEO plugin v20.1 - https:\/\/yoast.com\/wordpress\/plugins\/seo\/ -->\n<title>Ti\u00eam ch\u1ee7ng Norcross | Ti\u00eam ph\u00f2ng \u1edf Norcross | Ch\u00edch ng\u1eeba b\u1ec7nh c\u00fam<\/title>\n<meta name=\"description\" content=\"L\u00ean l\u1ecbch ti\u00eam ch\u1ee7ng \u1edf Norcross ngay h\u00f4m nay! Ti\u00eam ch\u1ee7ng l\u00e0 m\u1ed9t ph\u1ea7n quan tr\u1ecdng c\u1ee7a ch\u0103m s\u00f3c s\u1ee9c kh\u1ecfe ph\u00f2ng ng\u1eeba. H\u00e3y g\u1ecdi Gwinnett Emergency Care &amp; Family Practice!\" \/>\n<meta name=\"robots\" content=\"index, follow, max-snippet:-1, max-image-preview:large, max-video-preview:-1\" \/>\n<link rel=\"canonical\" href=\"https:\/\/www.gucfp.com\/vi\/tu-thuoc-gia-dinh\/chung-ngua\/\" \/>\n<meta property=\"og:locale\" content=\"vi_VN\" \/>\n<meta property=\"og:type\" content=\"article\" \/>\n<meta property=\"og:title\" content=\"Ti\u00eam ch\u1ee7ng Norcross | Ti\u00eam ph\u00f2ng \u1edf Norcross | Ch\u00edch ng\u1eeba b\u1ec7nh c\u00fam\" \/>\n<meta property=\"og:description\" content=\"L\u00ean l\u1ecbch ti\u00eam ch\u1ee7ng \u1edf Norcross ngay h\u00f4m nay! Ti\u00eam ch\u1ee7ng l\u00e0 m\u1ed9t ph\u1ea7n quan tr\u1ecdng c\u1ee7a ch\u0103m s\u00f3c s\u1ee9c kh\u1ecfe ph\u00f2ng ng\u1eeba. H\u00e3y g\u1ecdi Gwinnett Emergency Care &amp; Family Practice!\" \/>\n<meta property=\"og:url\" content=\"https:\/\/www.gucfp.com\/vi\/tu-thuoc-gia-dinh\/chung-ngua\/\" \/>\n<meta property=\"og:site_name\" content=\"GWINNETT URGENT CARE &amp; FAMILY PRACTICE\" \/>\n<meta property=\"article:modified_time\" content=\"2023-04-06T12:38:58+00:00\" \/>\n<meta property=\"og:image\" content=\"https:\/\/www.gucfp.com\/wp-content\/uploads\/2023\/01\/immunizations-1.jpg\" \/>\n\t<meta property=\"og:image:width\" content=\"1920\" \/>\n\t<meta property=\"og:image:height\" content=\"444\" \/>\n\t<meta property=\"og:image:type\" content=\"image\/jpeg\" \/>\n<meta name=\"twitter:card\" content=\"summary_large_image\" \/>\n<meta name=\"twitter:label1\" content=\"Est. reading time\" \/>\n\t<meta name=\"twitter:data1\" content=\"4 minutes\" \/>\n<script type=\"application\/ld+json\" class=\"yoast-schema-graph\">{\"@context\":\"https:\/\/schema.org\",\"@graph\":[{\"@type\":\"WebPage\",\"@id\":\"https:\/\/www.gucfp.com\/vi\/tu-thuoc-gia-dinh\/chung-ngua\/\",\"url\":\"https:\/\/www.gucfp.com\/vi\/tu-thuoc-gia-dinh\/chung-ngua\/\",\"name\":\"Ti\u00eam ch\u1ee7ng Norcross | Ti\u00eam ph\u00f2ng \u1edf Norcross | Ch\u00edch ng\u1eeba b\u1ec7nh c\u00fam\",\"isPartOf\":{\"@id\":\"https:\/\/www.gucfp.com\/vi\/#website\"},\"datePublished\":\"2023-01-11T09:25:06+00:00\",\"dateModified\":\"2023-04-06T12:38:58+00:00\",\"description\":\"L\u00ean l\u1ecbch ti\u00eam ch\u1ee7ng \u1edf Norcross ngay h\u00f4m nay! Ti\u00eam ch\u1ee7ng l\u00e0 m\u1ed9t ph\u1ea7n quan tr\u1ecdng c\u1ee7a ch\u0103m s\u00f3c s\u1ee9c kh\u1ecfe ph\u00f2ng ng\u1eeba. H\u00e3y g\u1ecdi Gwinnett Emergency Care & Family Practice!\",\"breadcrumb\":{\"@id\":\"https:\/\/www.gucfp.com\/vi\/tu-thuoc-gia-dinh\/chung-ngua\/#breadcrumb\"},\"inLanguage\":\"vi-VN\",\"potentialAction\":[{\"@type\":\"ReadAction\",\"target\":[\"https:\/\/www.gucfp.com\/vi\/tu-thuoc-gia-dinh\/chung-ngua\/\"]}]},{\"@type\":\"BreadcrumbList\",\"@id\":\"https:\/\/www.gucfp.com\/vi\/tu-thuoc-gia-dinh\/chung-ngua\/#breadcrumb\",\"itemListElement\":[{\"@type\":\"ListItem\",\"position\":1,\"name\":\"Home\",\"item\":\"https:\/\/www.gucfp.com\/vi\/nha\/\"},{\"@type\":\"ListItem\",\"position\":2,\"name\":\"T\u1ee7 thu\u1ed1c gia \u0111\u00ecnh\",\"item\":\"https:\/\/www.gucfp.com\/vi\/tu-thuoc-gia-dinh\/\"},{\"@type\":\"ListItem\",\"position\":3,\"name\":\"ch\u1ee7ng ng\u1eeba\"}]},{\"@type\":\"WebSite\",\"@id\":\"https:\/\/www.gucfp.com\/vi\/#website\",\"url\":\"https:\/\/www.gucfp.com\/vi\/\",\"name\":\"GWINNETT URGENT CARE &amp; FAMILY PRACTICE\",\"description\":\"Medical Practitioners Located in Norcross, GA\",\"potentialAction\":[{\"@type\":\"SearchAction\",\"target\":{\"@type\":\"EntryPoint\",\"urlTemplate\":\"https:\/\/www.gucfp.com\/vi\/?s={search_term_string}\"},\"query-input\":\"required name=search_term_string\"}],\"inLanguage\":\"vi-VN\"}]}<\/script>\n<!-- \/ Yoast SEO plugin. -->","yoast_head_json":{"title":"Ti\u00eam ch\u1ee7ng Norcross | Ti\u00eam ph\u00f2ng \u1edf Norcross | Ch\u00edch ng\u1eeba b\u1ec7nh c\u00fam","description":"L\u00ean l\u1ecbch ti\u00eam ch\u1ee7ng \u1edf Norcross ngay h\u00f4m nay! Ti\u00eam ch\u1ee7ng l\u00e0 m\u1ed9t ph\u1ea7n quan tr\u1ecdng c\u1ee7a ch\u0103m s\u00f3c s\u1ee9c kh\u1ecfe ph\u00f2ng ng\u1eeba. H\u00e3y g\u1ecdi Gwinnett Emergency Care & Family Practice!","robots":{"index":"index","follow":"follow","max-snippet":"max-snippet:-1","max-image-preview":"max-image-preview:large","max-video-preview":"max-video-preview:-1"},"canonical":"https:\/\/www.gucfp.com\/vi\/tu-thuoc-gia-dinh\/chung-ngua\/","og_locale":"vi_VN","og_type":"article","og_title":"Ti\u00eam ch\u1ee7ng Norcross | Ti\u00eam ph\u00f2ng \u1edf Norcross | Ch\u00edch ng\u1eeba b\u1ec7nh c\u00fam","og_description":"L\u00ean l\u1ecbch ti\u00eam ch\u1ee7ng \u1edf Norcross ngay h\u00f4m nay! Ti\u00eam ch\u1ee7ng l\u00e0 m\u1ed9t ph\u1ea7n quan tr\u1ecdng c\u1ee7a ch\u0103m s\u00f3c s\u1ee9c kh\u1ecfe ph\u00f2ng ng\u1eeba. H\u00e3y g\u1ecdi Gwinnett Emergency Care & Family Practice!","og_url":"https:\/\/www.gucfp.com\/vi\/tu-thuoc-gia-dinh\/chung-ngua\/","og_site_name":"GWINNETT URGENT CARE &amp; FAMILY PRACTICE","article_modified_time":"2023-04-06T12:38:58+00:00","og_image":[{"width":1920,"height":444,"url":"https:\/\/www.gucfp.com\/wp-content\/uploads\/2023\/01\/immunizations-1.jpg","type":"image\/jpeg"}],"twitter_card":"summary_large_image","twitter_misc":{"Est. reading time":"4 minutes"},"schema":{"@context":"https:\/\/schema.org","@graph":[{"@type":"WebPage","@id":"https:\/\/www.gucfp.com\/vi\/tu-thuoc-gia-dinh\/chung-ngua\/","url":"https:\/\/www.gucfp.com\/vi\/tu-thuoc-gia-dinh\/chung-ngua\/","name":"Ti\u00eam ch\u1ee7ng Norcross | Ti\u00eam ph\u00f2ng \u1edf Norcross | Ch\u00edch ng\u1eeba b\u1ec7nh c\u00fam","isPartOf":{"@id":"https:\/\/www.gucfp.com\/vi\/#website"},"datePublished":"2023-01-11T09:25:06+00:00","dateModified":"2023-04-06T12:38:58+00:00","description":"L\u00ean l\u1ecbch ti\u00eam ch\u1ee7ng \u1edf Norcross ngay h\u00f4m nay! Ti\u00eam ch\u1ee7ng l\u00e0 m\u1ed9t ph\u1ea7n quan tr\u1ecdng c\u1ee7a ch\u0103m s\u00f3c s\u1ee9c kh\u1ecfe ph\u00f2ng ng\u1eeba. H\u00e3y g\u1ecdi Gwinnett Emergency Care & Family Practice!","breadcrumb":{"@id":"https:\/\/www.gucfp.com\/vi\/tu-thuoc-gia-dinh\/chung-ngua\/#breadcrumb"},"inLanguage":"vi-VN","potentialAction":[{"@type":"ReadAction","target":["https:\/\/www.gucfp.com\/vi\/tu-thuoc-gia-dinh\/chung-ngua\/"]}]},{"@type":"BreadcrumbList","@id":"https:\/\/www.gucfp.com\/vi\/tu-thuoc-gia-dinh\/chung-ngua\/#breadcrumb","itemListElement":[{"@type":"ListItem","position":1,"name":"Home","item":"https:\/\/www.gucfp.com\/vi\/nha\/"},{"@type":"ListItem","position":2,"name":"T\u1ee7 thu\u1ed1c gia \u0111\u00ecnh","item":"https:\/\/www.gucfp.com\/vi\/tu-thuoc-gia-dinh\/"},{"@type":"ListItem","position":3,"name":"ch\u1ee7ng ng\u1eeba"}]},{"@type":"WebSite","@id":"https:\/\/www.gucfp.com\/vi\/#website","url":"https:\/\/www.gucfp.com\/vi\/","name":"GWINNETT URGENT CARE &amp; FAMILY PRACTICE","description":"Medical Practitioners Located in Norcross, GA","potentialAction":[{"@type":"SearchAction","target":{"@type":"EntryPoint","urlTemplate":"https:\/\/www.gucfp.com\/vi\/?s={search_term_string}"},"query-input":"required name=search_term_string"}],"inLanguage":"vi-VN"}]}},"featured_image_src":"https:\/\/www.gucfp.com\/wp-content\/uploads\/2023\/01\/immunizations-1-600x400.jpg","featured_image_src_square":"https:\/\/www.gucfp.com\/wp-content\/uploads\/2023\/01\/immunizations-1-600x444.jpg","_links":{"self":[{"href":"https:\/\/www.gucfp.com\/vi\/wp-json\/wp\/v2\/pages\/633","targetHints":{"allow":["GET"]}}],"collection":[{"href":"https:\/\/www.gucfp.com\/vi\/wp-json\/wp\/v2\/pages"}],"about":[{"href":"https:\/\/www.gucfp.com\/vi\/wp-json\/wp\/v2\/types\/page"}],"author":[{"embeddable":true,"href":"https:\/\/www.gucfp.com\/vi\/wp-json\/wp\/v2\/users\/2"}],"replies":[{"embeddable":true,"href":"https:\/\/www.gucfp.com\/vi\/wp-json\/wp\/v2\/comments?post=633"}],"version-history":[{"count":0,"href":"https:\/\/www.gucfp.com\/vi\/wp-json\/wp\/v2\/pages\/633\/revisions"}],"up":[{"embeddable":true,"href":"https:\/\/www.gucfp.com\/vi\/wp-json\/wp\/v2\/pages\/589"}],"wp:featuredmedia":[{"embeddable":true,"href":"https:\/\/www.gucfp.com\/vi\/wp-json\/wp\/v2\/media\/556"}],"wp:attachment":[{"href":"https:\/\/www.gucfp.com\/vi\/wp-json\/wp\/v2\/media?parent=633"}],"curies":[{"name":"wp","href":"https:\/\/api.w.org\/{rel}","templated":true}]}}