{"id":628,"date":"2023-01-11T10:14:47","date_gmt":"2023-01-11T10:14:47","guid":{"rendered":"https:\/\/www.gucfp.com\/cham-soc-dac-biet\/gay-xuong-va-bong-gan\/"},"modified":"2023-04-06T12:48:47","modified_gmt":"2023-04-06T12:48:47","slug":"gay-xuong-va-bong-gan","status":"publish","type":"page","link":"https:\/\/www.gucfp.com\/vi\/cham-soc-dac-biet\/gay-xuong-va-bong-gan\/","title":{"rendered":"G\u00e3y x\u01b0\u01a1ng v\u00e0 bong g\u00e2n"},"content":{"rendered":"\n<h1 class=\"wp-block-heading\">\u0110I\u1ec0U TR\u1eca G\u00c3Y KH\u1edaP, BONG G\u00c2N T\u1ea0I NORCROSS<\/h1>\n\n<h3 class=\"wp-block-heading\">Tr\u1ee3 gi\u00fap chuy\u00ean nghi\u1ec7p \u0111\u1ec3 h\u1ed3i ph\u1ee5c nhanh h\u01a1n sau g\u00e3y x\u01b0\u01a1ng v\u00e0 bong g\u00e2n<\/h3>\n\n<p>Gwinnett Urgent Care &amp; Family Practice cung c\u1ea5p nhi\u1ec1u d\u1ecbch v\u1ee5 <a href=\"https:\/\/www.gucfp.com\/vi\/cham-soc-dac-biet\/\">ch\u0103m s\u00f3c kh\u1ea9n c\u1ea5p<\/a> . <a href=\"https:\/\/www.gucfp.com\/vi\/ve-chung-toi\/\">Nh\u00f3m c\u1ee7a ch\u00fang t\u00f4i \u1edf Norcross, GA<\/a> , c\u00f3 th\u1ec3 ch\u1ea9n \u0111o\u00e1n v\u00e0 \u0111i\u1ec1u tr\u1ecb nhi\u1ec1u lo\u1ea1i g\u00e3y x\u01b0\u01a1ng v\u00e0 bong g\u00e2n. Ch\u00fang t\u00f4i khuy\u00ean b\u1ea1n n\u00ean t\u00ecm c\u00e1ch \u0111i\u1ec1u tr\u1ecb kh\u1ea9n c\u1ea5p cho nh\u1eefng t\u00ecnh tr\u1ea1ng n\u00e0y \u0111\u1ec3 \u0111\u1ea3m b\u1ea3o ph\u1ee5c h\u1ed3i t\u1ed1i \u01b0u.<\/p>\n\n<p>Ch\u00fang t\u00f4i ch\u1ea5p nh\u1eadn nhi\u1ec1u ch\u01b0\u01a1ng tr\u00ecnh b\u1ea3o hi\u1ec3m v\u00e0 trung t\u00e2m y t\u1ebf c\u1ee7a ch\u00fang t\u00f4i c\u00f3 gi\u00e1 ph\u1ea3i ch\u0103ng cho nh\u1eefng ng\u01b0\u1eddi kh\u00f4ng c\u00f3 b\u1ea3o hi\u1ec3m. B\u1ea1n c\u00f3 th\u1ec3 s\u1eafp x\u1ebfp m\u1ed9t cu\u1ed9c h\u1eb9n ho\u1eb7c gh\u00e9 th\u0103m ch\u00fang t\u00f4i d\u01b0\u1edbi d\u1ea1ng \u0111i b\u1ed9 v\u1edbi \u00edt th\u1eddi gian ch\u1edd \u0111\u1ee3i. Nh\u00e2n vi\u00ean ch\u0103m s\u00f3c s\u1ee9c kh\u1ecfe c\u1ee7a ch\u00fang t\u00f4i n\u00f3i \u0111\u01b0\u1ee3c ti\u1ebfng Anh, ti\u1ebfng Vi\u1ec7t v\u00e0 ti\u1ebfng T\u00e2y Ban Nha.<\/p>\n\n<p class=\"text-highlight v2 bg-box bordered side-padding-medium vertical-padding-tiny\"><strong>\u0110\u1eebng ch\u1edd \u0111\u1ee3i \u0111\u1ec3 \u0111\u01b0\u1ee3c ch\u0103m s\u00f3c y t\u1ebf n\u1ebfu b\u1ea1n \u0111ang b\u1ecb g\u00e3y x\u01b0\u01a1ng ho\u1eb7c bong g\u00e2n! G\u1ecdi <a href=\"tel:470-275-4911\">470-275-4911<\/a> ho\u1eb7c s\u1eed d\u1ee5ng <a href=\"https:\/\/www.gucfp.com\/vi\/lien-he-chung-toi\/\">m\u1eabu tr\u1ef1c tuy\u1ebfn c\u1ee7a ch\u00fang t\u00f4i<\/a> \u0111\u1ec3 s\u1eafp x\u1ebfp m\u1ed9t cu\u1ed9c h\u1eb9n. B\u1ea1n c\u0169ng c\u00f3 th\u1ec3 gh\u00e9 th\u0103m trung t\u00e2m \u0111\u1ecba ph\u01b0\u01a1ng c\u1ee7a ch\u00fang t\u00f4i d\u01b0\u1edbi d\u1ea1ng \u0111i b\u1ed9 m\u00e0 kh\u00f4ng c\u1ea7n h\u1eb9n tr\u01b0\u1edbc.<\/strong><\/p>\n\n<p><em>* G\u1ecdi 911 v\u00e0 kh\u00f4ng di chuy\u1ec3n ng\u01b0\u1eddi b\u1ecb th\u01b0\u01a1ng n\u1ebfu x\u01b0\u01a1ng l\u1ed9 ra v\u00e0\/ho\u1eb7c b\u1ea1n tin r\u1eb1ng c\u00f3 v\u1ebft n\u1ee9t \u1edf l\u01b0ng, c\u1ed5 ho\u1eb7c h\u00f4ng.<\/em><\/p>\n\n<h3 class=\"wp-block-heading\">S\u1ef1 kh\u00e1c bi\u1ec7t gi\u1eefa g\u00e3y x\u01b0\u01a1ng v\u00e0 bong g\u00e2n<\/h3>\n\n<p>Bong g\u00e2n th\u01b0\u1eddng \u1ea3nh h\u01b0\u1edfng \u0111\u1ebfn d\u00e2y ch\u1eb1ng kh\u1edbp trong khi g\u00e3y x\u01b0\u01a1ng g\u00e2y t\u1ed5n th\u01b0\u01a1ng x\u01b0\u01a1ng, th\u01b0\u1eddng \u1edf d\u1ea1ng g\u00e3y. C\u00f3 th\u1ec3 kh\u00f3 bi\u1ebft ch\u1ea5n th\u01b0\u01a1ng c\u1ee7a b\u1ea1n l\u00e0 bong g\u00e2n hay g\u00e3y x\u01b0\u01a1ng do s\u01b0ng v\u00e0 \u0111au nhi\u1ec1u, \u0111\u00f3 l\u00e0 l\u00fd do t\u1ea1i sao ch\u00fang t\u00f4i khuy\u00ean b\u1ea1n n\u00ean t\u00ecm ki\u1ebfm s\u1ef1 tr\u1ee3 gi\u00fap y t\u1ebf.<\/p>\n\n<p>Chuy\u1ec3n \u0111\u1ed9ng c\u00f3 th\u1ec3 l\u00e0m t\u0103ng c\u01a1n \u0111au do bong g\u00e2n nh\u01b0ng n\u1ebfu b\u1ea1n kh\u00f4ng th\u1ec3 ch\u1ecbu \u0111\u01b0\u1ee3c tr\u1ecdng l\u01b0\u1ee3ng c\u01a1 th\u1ec3, ch\u1ea5n th\u01b0\u01a1ng c\u1ee7a b\u1ea1n c\u00f3 th\u1ec3 l\u00e0 g\u00e3y x\u01b0\u01a1ng. \u0110au do bong g\u00e2n c\u00f3 th\u1ec3 kh\u00f4ng li\u00ean t\u1ee5c nh\u01b0 \u0111au do g\u00e3y x\u01b0\u01a1ng. Ch\u01b0\u1eddm \u0111\u00e1 ho\u1eb7c n\u00e2ng cao v\u00f9ng b\u1ecb \u1ea3nh h\u01b0\u1edfng th\u01b0\u1eddng gi\u00fap gi\u1ea3m \u0111au khi b\u1ecb bong g\u00e2n nh\u01b0ng ch\u1ec9 h\u1ea1n ch\u1ebf ho\u1eb7c kh\u00f4ng gi\u1ea3m \u0111au trong tr\u01b0\u1eddng h\u1ee3p g\u00e3y x\u01b0\u01a1ng.<\/p>\n\n<p>G\u00e3y x\u01b0\u01a1ng c\u1ea7n \u0111\u01b0\u1ee3c ch\u0103m s\u00f3c y t\u1ebf ngay l\u1eadp t\u1ee9c. Trong tr\u01b0\u1eddng h\u1ee3p lo ng\u1ea1i v\u1ec1 kh\u1ea3 n\u0103ng b\u1ecb g\u00e3y x\u01b0\u01a1ng, b\u1ea1n n\u00ean \u0111\u1ebfn c\u01a1 s\u1edf ch\u0103m s\u00f3c kh\u1ea9n c\u1ea5p n\u1ebfu b\u1ea1n c\u00f3 th\u1ec3 di chuy\u1ec3n n\u1ea1n nh\u00e2n m\u1ed9t c\u00e1ch an to\u00e0n.<\/p>\n\n<h2 class=\"wp-block-heading\">T\u1ea1i sao c\u1ea7n ch\u0103m s\u00f3c y t\u1ebf kh\u1ea9n c\u1ea5p cho g\u00e3y x\u01b0\u01a1ng v\u00e0 bong g\u00e2n<\/h2>\n\n<p><strong>\u0110i kh\u00e1m b\u00e1c s\u0129 n\u1ebfu b\u1ea1n g\u1eb7p b\u1ea5t k\u1ef3 tri\u1ec7u ch\u1ee9ng n\u00e0o sau \u0111\u00e2y:<\/strong><\/p>\n\n<ul class=\"wp-block-list\">\n<li>Nghi ng\u1edd g\u00e3y x\u01b0\u01a1ng<\/li>\n\n\n\n<li>Kh\u00f4ng c\u00f3 kh\u1ea3 n\u0103ng di chuy\u1ec3n ph\u1ea7n b\u1ecb th\u01b0\u01a1ng c\u1ee7a c\u01a1 th\u1ec3 ho\u1eb7c ch\u1ecbu tr\u1ecdng l\u01b0\u1ee3ng l\u00ean n\u00f3<\/li>\n\n\n\n<li>t\u00ea<\/li>\n\n\n\n<li>\u0110au d\u1eef d\u1ed9i v\u00e0\/ho\u1eb7c s\u01b0ng t\u1ea5y<\/li>\n\n\n\n<li>S\u1ed1t<\/li>\n\n\n\n<li>m\u1edf v\u1ebft c\u1eaft<\/li>\n<\/ul>\n\n<p>\u0110\u1ed9i ng\u0169 y t\u1ebf c\u1ee7a ch\u00fang t\u00f4i s\u1ebd ki\u1ec3m tra c\u1ea9n th\u1eadn v\u1ebft th\u01b0\u01a1ng c\u1ee7a b\u1ea1n v\u00e0 ch\u1ee5p <a href=\"https:\/\/www.gucfp.com\/vi\/tu-thuoc-gia-dinh\/hinh-anh\/\">x-quang<\/a> n\u1ebfu c\u00f3 nguy c\u01a1 b\u1ecb g\u00e3y x\u01b0\u01a1ng ho\u1eb7c bong g\u00e2n nghi\u00eam tr\u1ecdng. N\u1ebfu k\u1ebft qu\u1ea3 ch\u1ee5p X-quang kh\u00f4ng \u0111\u1ee7 k\u1ebft lu\u1eadn, ch\u00fang t\u00f4i c\u00f3 th\u1ec3 y\u00eau c\u1ea7u ch\u1ee5p \u1ea3nh y t\u1ebf b\u1ed5 sung nh\u01b0 ch\u1ee5p CT ho\u1eb7c MRI.<\/p>\n\n<h3 class=\"wp-block-heading\">\u0110i\u1ec1u tr\u1ecb g\u00e3y x\u01b0\u01a1ng v\u00e0 bong g\u00e2n<\/h3>\n\n<p>Trong chuy\u1ebfn th\u0103m c\u1ee7a b\u1ea1n, ch\u00fang t\u00f4i c\u00f3 th\u1ec3 cung c\u1ea5p cho b\u1ea1n c\u00e1c m\u1eb9o ph\u1ee5c h\u1ed3i t\u1ea1i nh\u00e0. Thu\u1ed1c gi\u1ea3m \u0111au kh\u00f4ng k\u00ea \u0111\u01a1n c\u0169ng h\u1eefu \u00edch v\u00e0 ch\u00fang t\u00f4i c\u00f3 th\u1ec3 k\u00ea \u0111\u01a1n thu\u1ed1c kh\u00e1ng sinh trong tr\u01b0\u1eddng h\u1ee3p c\u00f3 th\u1ec3 b\u1ecb nhi\u1ec5m tr\u00f9ng do g\u00e3y x\u01b0\u01a1ng h\u1edf.<\/p>\n\n<p><strong>C\u00e1c b\u00e1c s\u0129 c\u1ee7a ch\u00fang t\u00f4i th\u01b0\u1eddng ch\u1ec9 \u0111\u1ecbnh ph\u01b0\u01a1ng ph\u00e1p RICE cho ph\u1ea7n c\u01a1 th\u1ec3 b\u1ecb th\u01b0\u01a1ng:<\/strong><\/p>\n\n<ul class=\"wp-block-list\">\n<li>Ngh\u1ec9 ng\u01a1i<\/li>\n\n\n\n<li>\u0110\u00e1<\/li>\n\n\n\n<li>N\u00e9n<\/li>\n\n\n\n<li>N\u00e2ng<\/li>\n<\/ul>\n\n<p>Ch\u00fang t\u00f4i c\u00f3 th\u1ec3 ph\u1ea3i c\u1ed1 \u0111\u1ecbnh chi ho\u1eb7c kh\u1edbp \u0111\u1ec3 \u0111\u1ea3m b\u1ea3o v\u1ebft th\u01b0\u01a1ng l\u00e0nh h\u1eb3n. T\u00f9y thu\u1ed9c v\u00e0o v\u1ecb tr\u00ed c\u1ee7a v\u1ebft th\u01b0\u01a1ng v\u00e0 m\u1ee9c \u0111\u1ed9 nghi\u00eam tr\u1ecdng c\u1ee7a v\u1ebft th\u01b0\u01a1ng, ch\u00fang t\u00f4i s\u1ebd x\u00e1c \u0111\u1ecbnh xem vi\u1ec7c b\u00f3 b\u1ed9t hay n\u1eb9p l\u00e0 ph\u00f9 h\u1ee3p. N\u1ebfu v\u1ebft th\u01b0\u01a1ng \u1ea3nh h\u01b0\u1edfng \u0111\u1ebfn ch\u00e2n, b\u1ea1n c\u00f3 th\u1ec3 s\u1eed d\u1ee5ng n\u1ea1ng \u0111\u1ec3 gi\u1ea3m tr\u1ecdng l\u01b0\u1ee3ng cho ch\u00e2n trong v\u00e0i ng\u00e0y. V\u1eadt l\u00fd tr\u1ecb li\u1ec7u c\u0169ng c\u00f3 th\u1ec3 c\u1ea7n thi\u1ebft cho ph\u1ea1m vi chuy\u1ec3n \u0111\u1ed9ng v\u00e0 s\u1ef1 \u1ed5n \u0111\u1ecbnh sau giai \u0111o\u1ea1n ch\u1eefa b\u1ec7nh \u0111\u1ea7u ti\u00ean.<\/p>\n\n<p>Nh\u00f3m c\u1ee7a ch\u00fang t\u00f4i s\u1ebd th\u1ea3o lu\u1eadn v\u1ec1 c\u00e1c l\u1ef1a ch\u1ecdn c\u1ee7a b\u1ea1n v\u00e0 tr\u1ea3 l\u1eddi b\u1ea5t k\u1ef3 c\u00e2u h\u1ecfi n\u00e0o b\u1ea1n c\u00f3 th\u1ec3 c\u00f3 v\u1ec1 k\u1ebf ho\u1ea1ch \u0111i\u1ec1u tr\u1ecb c\u1ee7a m\u00ecnh. B\u1ea5t k\u1ec3 ch\u1ea9n \u0111o\u00e1n l\u00e0 g\u00ec, vi\u1ec7c \u0111\u1ebfn ch\u0103m s\u00f3c kh\u1ea9n c\u1ea5p \u0111\u1ec3 \u0111\u01b0\u1ee3c \u0111i\u1ec1u tr\u1ecb ngay l\u1eadp t\u1ee9c c\u00f3 th\u1ec3 t\u1ea1o ra s\u1ef1 kh\u00e1c bi\u1ec7t l\u1edbn trong qu\u00e1 tr\u00ecnh ph\u1ee5c h\u1ed3i c\u1ee7a b\u1ea1n.<\/p>\n\n<p class=\"text-highlight v8 flex-between-middle bg-box unlike-bg side-padding-medium vertical-padding-tiny\"><strong>N\u1ebfu b\u1ea1n b\u1ecb g\u00e3y x\u01b0\u01a1ng ho\u1eb7c bong g\u00e2n, h\u00e3y \u0111\u1ebfn v\u0103n ph\u00f2ng c\u1ee7a ch\u00fang t\u00f4i ngay h\u00f4m nay! Ch\u00fang t\u00f4i ch\u00e0o \u0111\u00f3n b\u1ec7nh nh\u00e2n tr\u00ean c\u01a1 s\u1edf \u0111i b\u1ed9. G\u1ecdi cho ch\u00fang t\u00f4i theo s\u1ed1 <a href=\"tel:470-275-4911\">470-275-4911<\/a> ho\u1eb7c li\u00ean h\u1ec7 qua <a href=\"https:\/\/www.gucfp.com\/vi\/lien-he-chung-toi\/\">bi\u1ec3u m\u1eabu li\u00ean h\u1ec7 tr\u1ef1c tuy\u1ebfn c\u1ee7a ch\u00fang t\u00f4i<\/a> \u0111\u1ec3 t\u00ecm hi\u1ec3u th\u00eam.<\/strong><\/p>\n","protected":false},"excerpt":{"rendered":"<p>\u0110I\u1ec0U TR\u1eca G\u00c3Y KH\u1edaP, BONG G\u00c2N T\u1ea0I NORCROSS Tr\u1ee3 gi\u00fap chuy\u00ean nghi\u1ec7p \u0111\u1ec3 h\u1ed3i ph\u1ee5c nhanh h\u01a1n sau g\u00e3y x\u01b0\u01a1ng v\u00e0 bong g\u00e2n Gwinnett Urgent Care &amp; Family Practice cung c\u1ea5p nhi\u1ec1u d\u1ecbch v\u1ee5 ch\u0103m s\u00f3c kh\u1ea9n c\u1ea5p . Nh\u00f3m c\u1ee7a ch\u00fang t\u00f4i \u1edf Norcross, GA , c\u00f3 th\u1ec3 ch\u1ea9n \u0111o\u00e1n v\u00e0 \u0111i\u1ec1u tr\u1ecb nhi\u1ec1u [&hellip;]<\/p>\n","protected":false},"author":1,"featured_media":568,"parent":624,"menu_order":0,"comment_status":"closed","ping_status":"closed","template":"templates\/service_inner.php","meta":{"_acf_changed":false,"_monsterinsights_skip_tracking":false,"_monsterinsights_sitenote_active":false,"_monsterinsights_sitenote_note":"","_monsterinsights_sitenote_category":0,"footnotes":""},"class_list":["post-628","page","type-page","status-publish","has-post-thumbnail","hentry"],"acf":[],"yoast_head":"<!-- This site is optimized with the Yoast SEO plugin v20.1 - https:\/\/yoast.com\/wordpress\/plugins\/seo\/ -->\n<title>\u0110i\u1ec1u tr\u1ecb G\u00e3y x\u01b0\u01a1ng &amp; Bong g\u00e2n \u1edf Norcross | Ch\u0103m s\u00f3c \u0111\u1eb7c bi\u1ec7t<\/title>\n<meta name=\"description\" content=\"Gwinnett Urgent Care &amp; Family Practice \u0111i\u1ec1u tr\u1ecb g\u00e3y x\u01b0\u01a1ng v\u00e0 bong g\u00e2n \u1edf Norcross, GA. Nh\u1eadn d\u1ecbch v\u1ee5 ch\u0103m s\u00f3c trong ng\u00e0y c\u00f3 ho\u1eb7c kh\u00f4ng c\u00f3 h\u1eb9n tr\u01b0\u1edbc.\" \/>\n<meta name=\"robots\" content=\"index, follow, max-snippet:-1, max-image-preview:large, max-video-preview:-1\" \/>\n<link rel=\"canonical\" href=\"https:\/\/www.gucfp.com\/vi\/cham-soc-dac-biet\/gay-xuong-va-bong-gan\/\" \/>\n<meta property=\"og:locale\" content=\"vi_VN\" \/>\n<meta property=\"og:type\" content=\"article\" \/>\n<meta property=\"og:title\" content=\"\u0110i\u1ec1u tr\u1ecb G\u00e3y x\u01b0\u01a1ng &amp; Bong g\u00e2n \u1edf Norcross | Ch\u0103m s\u00f3c \u0111\u1eb7c bi\u1ec7t\" \/>\n<meta property=\"og:description\" content=\"Gwinnett Urgent Care &amp; Family Practice \u0111i\u1ec1u tr\u1ecb g\u00e3y x\u01b0\u01a1ng v\u00e0 bong g\u00e2n \u1edf Norcross, GA. Nh\u1eadn d\u1ecbch v\u1ee5 ch\u0103m s\u00f3c trong ng\u00e0y c\u00f3 ho\u1eb7c kh\u00f4ng c\u00f3 h\u1eb9n tr\u01b0\u1edbc.\" \/>\n<meta property=\"og:url\" content=\"https:\/\/www.gucfp.com\/vi\/cham-soc-dac-biet\/gay-xuong-va-bong-gan\/\" \/>\n<meta property=\"og:site_name\" content=\"GWINNETT URGENT CARE &amp; FAMILY PRACTICE\" \/>\n<meta property=\"article:modified_time\" content=\"2023-04-06T12:48:47+00:00\" \/>\n<meta property=\"og:image\" content=\"https:\/\/www.gucfp.com\/wp-content\/uploads\/2023\/01\/fractures-sprains.jpg\" \/>\n\t<meta property=\"og:image:width\" content=\"1920\" \/>\n\t<meta property=\"og:image:height\" content=\"444\" \/>\n\t<meta property=\"og:image:type\" content=\"image\/jpeg\" \/>\n<meta name=\"twitter:card\" content=\"summary_large_image\" \/>\n<meta name=\"twitter:label1\" content=\"Est. reading time\" \/>\n\t<meta name=\"twitter:data1\" content=\"4 minutes\" \/>\n<script type=\"application\/ld+json\" class=\"yoast-schema-graph\">{\"@context\":\"https:\/\/schema.org\",\"@graph\":[{\"@type\":\"WebPage\",\"@id\":\"https:\/\/www.gucfp.com\/vi\/cham-soc-dac-biet\/gay-xuong-va-bong-gan\/\",\"url\":\"https:\/\/www.gucfp.com\/vi\/cham-soc-dac-biet\/gay-xuong-va-bong-gan\/\",\"name\":\"\u0110i\u1ec1u tr\u1ecb G\u00e3y x\u01b0\u01a1ng & Bong g\u00e2n \u1edf Norcross | Ch\u0103m s\u00f3c \u0111\u1eb7c bi\u1ec7t\",\"isPartOf\":{\"@id\":\"https:\/\/www.gucfp.com\/vi\/#website\"},\"datePublished\":\"2023-01-11T10:14:47+00:00\",\"dateModified\":\"2023-04-06T12:48:47+00:00\",\"description\":\"Gwinnett Urgent Care & Family Practice \u0111i\u1ec1u tr\u1ecb g\u00e3y x\u01b0\u01a1ng v\u00e0 bong g\u00e2n \u1edf Norcross, GA. Nh\u1eadn d\u1ecbch v\u1ee5 ch\u0103m s\u00f3c trong ng\u00e0y c\u00f3 ho\u1eb7c kh\u00f4ng c\u00f3 h\u1eb9n tr\u01b0\u1edbc.\",\"breadcrumb\":{\"@id\":\"https:\/\/www.gucfp.com\/vi\/cham-soc-dac-biet\/gay-xuong-va-bong-gan\/#breadcrumb\"},\"inLanguage\":\"vi-VN\",\"potentialAction\":[{\"@type\":\"ReadAction\",\"target\":[\"https:\/\/www.gucfp.com\/vi\/cham-soc-dac-biet\/gay-xuong-va-bong-gan\/\"]}]},{\"@type\":\"BreadcrumbList\",\"@id\":\"https:\/\/www.gucfp.com\/vi\/cham-soc-dac-biet\/gay-xuong-va-bong-gan\/#breadcrumb\",\"itemListElement\":[{\"@type\":\"ListItem\",\"position\":1,\"name\":\"Home\",\"item\":\"https:\/\/www.gucfp.com\/vi\/nha\/\"},{\"@type\":\"ListItem\",\"position\":2,\"name\":\"Ch\u0103m s\u00f3c \u0111\u1eb7c bi\u1ec7t\",\"item\":\"https:\/\/www.gucfp.com\/vi\/cham-soc-dac-biet\/\"},{\"@type\":\"ListItem\",\"position\":3,\"name\":\"G\u00e3y x\u01b0\u01a1ng v\u00e0 bong g\u00e2n\"}]},{\"@type\":\"WebSite\",\"@id\":\"https:\/\/www.gucfp.com\/vi\/#website\",\"url\":\"https:\/\/www.gucfp.com\/vi\/\",\"name\":\"GWINNETT URGENT CARE &amp; FAMILY PRACTICE\",\"description\":\"Medical Practitioners Located in Norcross, GA\",\"potentialAction\":[{\"@type\":\"SearchAction\",\"target\":{\"@type\":\"EntryPoint\",\"urlTemplate\":\"https:\/\/www.gucfp.com\/vi\/?s={search_term_string}\"},\"query-input\":\"required name=search_term_string\"}],\"inLanguage\":\"vi-VN\"}]}<\/script>\n<!-- \/ Yoast SEO plugin. -->","yoast_head_json":{"title":"\u0110i\u1ec1u tr\u1ecb G\u00e3y x\u01b0\u01a1ng & Bong g\u00e2n \u1edf Norcross | Ch\u0103m s\u00f3c \u0111\u1eb7c bi\u1ec7t","description":"Gwinnett Urgent Care & Family Practice \u0111i\u1ec1u tr\u1ecb g\u00e3y x\u01b0\u01a1ng v\u00e0 bong g\u00e2n \u1edf Norcross, GA. Nh\u1eadn d\u1ecbch v\u1ee5 ch\u0103m s\u00f3c trong ng\u00e0y c\u00f3 ho\u1eb7c kh\u00f4ng c\u00f3 h\u1eb9n tr\u01b0\u1edbc.","robots":{"index":"index","follow":"follow","max-snippet":"max-snippet:-1","max-image-preview":"max-image-preview:large","max-video-preview":"max-video-preview:-1"},"canonical":"https:\/\/www.gucfp.com\/vi\/cham-soc-dac-biet\/gay-xuong-va-bong-gan\/","og_locale":"vi_VN","og_type":"article","og_title":"\u0110i\u1ec1u tr\u1ecb G\u00e3y x\u01b0\u01a1ng & Bong g\u00e2n \u1edf Norcross | Ch\u0103m s\u00f3c \u0111\u1eb7c bi\u1ec7t","og_description":"Gwinnett Urgent Care & Family Practice \u0111i\u1ec1u tr\u1ecb g\u00e3y x\u01b0\u01a1ng v\u00e0 bong g\u00e2n \u1edf Norcross, GA. Nh\u1eadn d\u1ecbch v\u1ee5 ch\u0103m s\u00f3c trong ng\u00e0y c\u00f3 ho\u1eb7c kh\u00f4ng c\u00f3 h\u1eb9n tr\u01b0\u1edbc.","og_url":"https:\/\/www.gucfp.com\/vi\/cham-soc-dac-biet\/gay-xuong-va-bong-gan\/","og_site_name":"GWINNETT URGENT CARE &amp; FAMILY PRACTICE","article_modified_time":"2023-04-06T12:48:47+00:00","og_image":[{"width":1920,"height":444,"url":"https:\/\/www.gucfp.com\/wp-content\/uploads\/2023\/01\/fractures-sprains.jpg","type":"image\/jpeg"}],"twitter_card":"summary_large_image","twitter_misc":{"Est. reading time":"4 minutes"},"schema":{"@context":"https:\/\/schema.org","@graph":[{"@type":"WebPage","@id":"https:\/\/www.gucfp.com\/vi\/cham-soc-dac-biet\/gay-xuong-va-bong-gan\/","url":"https:\/\/www.gucfp.com\/vi\/cham-soc-dac-biet\/gay-xuong-va-bong-gan\/","name":"\u0110i\u1ec1u tr\u1ecb G\u00e3y x\u01b0\u01a1ng & Bong g\u00e2n \u1edf Norcross | Ch\u0103m s\u00f3c \u0111\u1eb7c bi\u1ec7t","isPartOf":{"@id":"https:\/\/www.gucfp.com\/vi\/#website"},"datePublished":"2023-01-11T10:14:47+00:00","dateModified":"2023-04-06T12:48:47+00:00","description":"Gwinnett Urgent Care & Family Practice \u0111i\u1ec1u tr\u1ecb g\u00e3y x\u01b0\u01a1ng v\u00e0 bong g\u00e2n \u1edf Norcross, GA. Nh\u1eadn d\u1ecbch v\u1ee5 ch\u0103m s\u00f3c trong ng\u00e0y c\u00f3 ho\u1eb7c kh\u00f4ng c\u00f3 h\u1eb9n tr\u01b0\u1edbc.","breadcrumb":{"@id":"https:\/\/www.gucfp.com\/vi\/cham-soc-dac-biet\/gay-xuong-va-bong-gan\/#breadcrumb"},"inLanguage":"vi-VN","potentialAction":[{"@type":"ReadAction","target":["https:\/\/www.gucfp.com\/vi\/cham-soc-dac-biet\/gay-xuong-va-bong-gan\/"]}]},{"@type":"BreadcrumbList","@id":"https:\/\/www.gucfp.com\/vi\/cham-soc-dac-biet\/gay-xuong-va-bong-gan\/#breadcrumb","itemListElement":[{"@type":"ListItem","position":1,"name":"Home","item":"https:\/\/www.gucfp.com\/vi\/nha\/"},{"@type":"ListItem","position":2,"name":"Ch\u0103m s\u00f3c \u0111\u1eb7c bi\u1ec7t","item":"https:\/\/www.gucfp.com\/vi\/cham-soc-dac-biet\/"},{"@type":"ListItem","position":3,"name":"G\u00e3y x\u01b0\u01a1ng v\u00e0 bong g\u00e2n"}]},{"@type":"WebSite","@id":"https:\/\/www.gucfp.com\/vi\/#website","url":"https:\/\/www.gucfp.com\/vi\/","name":"GWINNETT URGENT CARE &amp; FAMILY PRACTICE","description":"Medical Practitioners Located in Norcross, GA","potentialAction":[{"@type":"SearchAction","target":{"@type":"EntryPoint","urlTemplate":"https:\/\/www.gucfp.com\/vi\/?s={search_term_string}"},"query-input":"required name=search_term_string"}],"inLanguage":"vi-VN"}]}},"featured_image_src":"https:\/\/www.gucfp.com\/wp-content\/uploads\/2023\/01\/fractures-sprains-600x400.jpg","featured_image_src_square":"https:\/\/www.gucfp.com\/wp-content\/uploads\/2023\/01\/fractures-sprains-600x444.jpg","_links":{"self":[{"href":"https:\/\/www.gucfp.com\/vi\/wp-json\/wp\/v2\/pages\/628","targetHints":{"allow":["GET"]}}],"collection":[{"href":"https:\/\/www.gucfp.com\/vi\/wp-json\/wp\/v2\/pages"}],"about":[{"href":"https:\/\/www.gucfp.com\/vi\/wp-json\/wp\/v2\/types\/page"}],"author":[{"embeddable":true,"href":"https:\/\/www.gucfp.com\/vi\/wp-json\/wp\/v2\/users\/1"}],"replies":[{"embeddable":true,"href":"https:\/\/www.gucfp.com\/vi\/wp-json\/wp\/v2\/comments?post=628"}],"version-history":[{"count":0,"href":"https:\/\/www.gucfp.com\/vi\/wp-json\/wp\/v2\/pages\/628\/revisions"}],"up":[{"embeddable":true,"href":"https:\/\/www.gucfp.com\/vi\/wp-json\/wp\/v2\/pages\/624"}],"wp:featuredmedia":[{"embeddable":true,"href":"https:\/\/www.gucfp.com\/vi\/wp-json\/wp\/v2\/media\/568"}],"wp:attachment":[{"href":"https:\/\/www.gucfp.com\/vi\/wp-json\/wp\/v2\/media?parent=628"}],"curies":[{"name":"wp","href":"https:\/\/api.w.org\/{rel}","templated":true}]}}