{"id":625,"date":"2023-01-11T10:17:18","date_gmt":"2023-01-11T10:17:18","guid":{"rendered":"https:\/\/www.gucfp.com\/lien-he-chung-toi\/"},"modified":"2023-02-09T12:43:22","modified_gmt":"2023-02-09T12:43:22","slug":"lien-he-chung-toi","status":"publish","type":"page","link":"https:\/\/www.gucfp.com\/vi\/lien-he-chung-toi\/","title":{"rendered":"Li\u00ean h\u1ec7 ch\u00fang t\u00f4i"},"content":{"rendered":"\n<h1 class=\"wp-block-heading\">LI\u00caN H\u1ec6 V\u1edaI GWINNETT CH\u0102M S\u00d3C KH\u1ea8N C\u1ea4P &amp; TH\u1ef0C H\u00c0NH GIA \u0110\u00ccNH NGAY H\u00d4M NAY!<\/h1>\n\n<svg class=\"header-flair\" role=\"presentation\" data-use=\"\/includes\/flair.svg#header\" viewbox=\"0 0 400.5 18\">\n\t<g class=\"center\">\n\t\t<path class=\"line big-box\" d=\"M191.3,0.5h18v17h-18V0.5z\" style=\"stroke-dashoffset: 70; stroke-dasharray: 70;\"><\/path>\n\t\t<path class=\"line small-box fill\" d=\"M194.8,3.5h11v11h-11V3.5z\" style=\"stroke-dashoffset: 44; stroke-dasharray: 44;\"><\/path>\n\t\t<path class=\"line header-line2\" d=\"M205.8,9H400.5\" style=\"stroke-dashoffset: 195; stroke-dasharray: 195;\"><\/path>\n\t\t<path class=\"line header-line2\" d=\"M194.8,9h-194.8\" style=\"stroke-dashoffset: 195; stroke-dasharray: 195;\"><\/path>\n\t<\/g>\n\t<g class=\"left\">\n\t\t<path class=\"line header-line\" d=\"M37.5,9h363\" style=\"stroke-dashoffset: 742; stroke-dasharray: 742;\"><\/path>\n\t\t<path class=\"line connect-box fill\" d=\"M30.5,5.5h7v7h-7V5.5z\" style=\"stroke-dashoffset: 28; stroke-dasharray: 28;\"><\/path>\n\t\t<path class=\"line big-box\" d=\"M0.5,0.5h14v17h-14V0.5z\" style=\"stroke-dashoffset: 62; stroke-dasharray: 62;\"><\/path>\n\t\t<path class=\"line small-box fill\" d=\"M8.5,3.5h11v11h-11V3.5z\" style=\"stroke-dashoffset: 44; stroke-dasharray: 44;\"><\/path>\n\t<\/g>\n\t<g class=\"right\">\n\t\t<path class=\"line header-line\" d=\"M363,9h-363\" style=\"stroke-dashoffset: 742; stroke-dasharray: 742;\"><\/path>\n\t\t<path class=\"line connect-box fill\" d=\"M370,12.5h-7v-7h7V12.5z\" style=\"stroke-dashoffset: 28; stroke-dasharray: 28;\"><\/path>\n\t\t<path class=\"line big-box\" d=\"M400,17.5h-14v-17h14V17.5z\" style=\"stroke-dashoffset: 62; stroke-dasharray: 62;\"><\/path>\n\t\t<path class=\"line small-box fill\" d=\"M392,14.5h-11v-11h11V14.5z\" style=\"stroke-dashoffset: 44; stroke-dasharray: 44;\"><\/path>\n\t<\/g>\n<\/svg>\n\n<p>Gwinnett Urgent Care &amp; Family Practice cung c\u1ea5p d\u1ecbch v\u1ee5 ch\u0103m s\u00f3c s\u1ee9c kh\u1ecfe h\u1ee3p t\u00fai ti\u1ec1n \u1edf Norcross, GA. C\u00e1c d\u1ecbch v\u1ee5 c\u1ee7a ch\u00fang t\u00f4i bao g\u1ed3m ch\u1ee5p \u1ea3nh y t\u1ebf t\u1ea1i ch\u1ed7, x\u00e9t nghi\u1ec7m COVID-19, ti\u00eam ph\u00f2ng c\u00fam v\u00e0 c\u00e1c lo\u1ea1i ch\u1ee7ng ng\u1eeba kh\u00e1c. Ch\u00fang t\u00f4i ch\u1ea5p nh\u1eadn h\u1ea7u h\u1ebft c\u00e1c g\u00f3i b\u1ea3o hi\u1ec3m v\u00e0 gi\u00e1 xu\u1ea5t t\u00fai c\u1ee7a ch\u00fang t\u00f4i ph\u1ea3i ch\u0103ng n\u1ebfu b\u1ea1n kh\u00f4ng c\u00f3 b\u1ea3o hi\u1ec3m.<\/p>\n\n<p>Ph\u1ee5c v\u1ee5 c\u1ed9ng \u0111\u1ed3ng c\u1ee7a ch\u00fang t\u00f4i l\u00e0 \u01b0u ti\u00ean h\u00e0ng \u0111\u1ea7u c\u1ee7a ch\u00fang t\u00f4i v\u00e0 ch\u00fang t\u00f4i c\u1ed1 g\u1eafng h\u1ebft s\u1ee9c \u0111\u1ec3 cung c\u1ea5p d\u1ecbch v\u1ee5 ch\u0103m s\u00f3c c\u00e1 nh\u00e2n v\u00e0 thu\u1eadn ti\u1ec7n. B\u1ea1n c\u00f3 th\u1ec3 ch\u1ecdn \u0111\u1eb7t l\u1ecbch h\u1eb9n ho\u1eb7c ch\u1ec9 c\u1ea7n \u0111\u1ebfn v\u0103n ph\u00f2ng c\u1ee7a ch\u00fang t\u00f4i v\u1edbi t\u01b0 c\u00e1ch l\u00e0 b\u1ec7nh nh\u00e2n kh\u00f4ng h\u1eb9n tr\u01b0\u1edbc. Ch\u00fang t\u00f4i ch\u00e0o \u0111\u00f3n b\u1ea1n theo l\u1ecbch h\u1eb9n v\u00e0 khi \u0111\u1ebfn kh\u00e1m tr\u1ef1c ti\u1ebfp, cho d\u00f9 b\u1ea1n c\u1ea7n kh\u00e1m s\u1ee9c kh\u1ecfe \u0111\u1ecbnh k\u1ef3 hay ch\u0103m s\u00f3c kh\u1ea9n c\u1ea5p. \u0110\u1ed9i ng\u0169 chuy\u00ean nghi\u1ec7p c\u1ee7a ch\u00fang t\u00f4i n\u00f3i \u0111\u01b0\u1ee3c ti\u1ebfng Anh, ti\u1ebfng Vi\u1ec7t v\u00e0 ti\u1ebfng T\u00e2y Ban Nha. G\u1ecdi cho ch\u00fang t\u00f4i ngay h\u00f4m nay ho\u1eb7c s\u1eed d\u1ee5ng m\u1eabu d\u01b0\u1edbi \u0111\u00e2y \u0111\u1ec3 t\u00ecm hi\u1ec3u th\u00eam v\u1ec1 c\u00e1ch ch\u00fang t\u00f4i c\u00f3 th\u1ec3 gi\u00fap b\u1ea1n!<\/p>\n\n<h3 class=\"wp-block-heading\">Gi\u1edd:<\/h3>\n\n<p>Th\u1ee9 Hai: 8:00 AM &#8211; 6:00 PM Th\u1ee9 Ba: 8:00 AM &#8211; 6:00 PM Th\u1ee9 T\u01b0: 8:00 AM &#8211; 6:00 PM Th\u1ee9 N\u0103m: 8:00 AM &#8211; 6:00 PM Th\u1ee9 S\u00e1u: 8:00 AM &#8211; 18:00 Th\u1ee9 7: 8:00 &#8211; 18:00 Ch\u1ee7 nh\u1eadt: \u0110\u00f3ng c\u1eeda<\/p>\n\n<div class=\"wpcf7 no-js\" id=\"wpcf7-f696-o1\" lang=\"vi-VN\" dir=\"ltr\">\n<div class=\"screen-reader-response\"><p role=\"status\" aria-live=\"polite\" aria-atomic=\"true\"><\/p> <ul><\/ul><\/div>\n<form action=\"\/vi\/wp-json\/wp\/v2\/pages\/625#wpcf7-f696-o1\" method=\"post\" class=\"wpcf7-form init\" aria-label=\"Contact form\" novalidate=\"novalidate\" data-status=\"init\">\n<div style=\"display: none;\">\n<input type=\"hidden\" name=\"_wpcf7\" value=\"696\" \/>\n<input type=\"hidden\" name=\"_wpcf7_version\" value=\"5.7.4\" \/>\n<input type=\"hidden\" name=\"_wpcf7_locale\" value=\"vi_VN\" \/>\n<input type=\"hidden\" name=\"_wpcf7_unit_tag\" value=\"wpcf7-f696-o1\" \/>\n<input type=\"hidden\" name=\"_wpcf7_container_post\" value=\"0\" \/>\n<input type=\"hidden\" name=\"_wpcf7_posted_data_hash\" value=\"\" \/>\n<\/div>\n<div id=\"ContactV1ServicesForm\" class=\"ui-repeater\">\n\t<fieldset data-item=\"i\" data-key=\"\">\n\t\t<ul class=\"flex-spaced-between-wrap-block-500\">\n\t\t\t<li class=\"half\">\n\t\t\t\t<div class=\"input-text\">\n\t\t\t\t\t<p><span class=\"wpcf7-form-control-wrap\" data-name=\"firstname\"><input size=\"40\" class=\"wpcf7-form-control wpcf7-text wpcf7-validates-as-required\" aria-required=\"true\" aria-invalid=\"false\" value=\"\" type=\"text\" name=\"firstname\" \/><\/span><label class=\"hide\" for=\"firstname\">H\u1ecd<\/label>\n\t\t\t\t\t<\/p>\n\t\t\t\t\t<div class=\"validation\" for=\"firstname\" data-type=\"valueMissing\">\n\t\t\t\t\t\t<p>Vui l\u00f2ng nh\u1eadp t\u00ean c\u1ee7a b\u1ea1n.\n\t\t\t\t\t\t<\/p>\n\t\t\t\t\t<\/div>\n\t\t\t\t<\/div>\n\t\t\t<\/li>\n\t\t\t<li class=\"half\">\n\t\t\t\t<div class=\"input-text\">\n\t\t\t\t\t<p><span class=\"wpcf7-form-control-wrap\" data-name=\"lastname\"><input size=\"40\" class=\"wpcf7-form-control wpcf7-text wpcf7-validates-as-required\" aria-required=\"true\" aria-invalid=\"false\" value=\"\" type=\"text\" name=\"lastname\" \/><\/span><label class=\"hide\" for=\"lastname\">H\u1ecd<\/label>\n\t\t\t\t\t<\/p>\n\t\t\t\t\t<div class=\"validation\" for=\"lastname\" data-type=\"valueMissing\">\n\t\t\t\t\t\t<p>Vui l\u00f2ng nh\u1eadp h\u1ecd c\u1ee7a b\u1ea1n.\n\t\t\t\t\t\t<\/p>\n\t\t\t\t\t<\/div>\n\t\t\t\t<\/div>\n\t\t\t<\/li>\n\t\t\t<li class=\"half\">\n\t\t\t\t<div class=\"input-text\">\n\t\t\t\t\t<p><span class=\"wpcf7-form-control-wrap\" data-name=\"lastname\"><input size=\"40\" class=\"wpcf7-form-control wpcf7-text wpcf7-tel wpcf7-validates-as-required wpcf7-validates-as-tel\" aria-required=\"true\" aria-invalid=\"false\" value=\"\" type=\"tel\" name=\"lastname\" \/><\/span><label class=\"hide\" for=\"lastname\">\u0110i\u1ec7n tho\u1ea1i<\/label>\n\t\t\t\t\t<\/p>\n\t\t\t\t\t<div class=\"validation\" for=\"lastname\" data-type=\"valueMissing\">\n\t\t\t\t\t\t<p>Xin vui l\u00f2ng \u0111i\u1ec1n s\u1ed1 \u0111i\u1ec7n tho\u1ea1i c\u1ee7a b\u1ea1n.\n\t\t\t\t\t\t<\/p>\n\t\t\t\t\t<\/div>\n\t\t\t\t\t<div class=\"validation\" for=\"lastname\" data-type=\"typeMismatch\">\n\t\t\t\t\t\t<p>\u0110\u00e2y kh\u00f4ng ph\u1ea3i l\u00e0 s\u1ed1 \u0111i\u1ec7n tho\u1ea1i h\u1ee3p l\u1ec7.\n\t\t\t\t\t\t<\/p>\n\t\t\t\t\t<\/div>\n\t\t\t\t<\/div>\n\t\t\t<\/li>\n\t\t\t<li class=\"half\">\n\t\t\t\t<div class=\"input-text\">\n\t\t\t\t\t<p><span class=\"wpcf7-form-control-wrap\" data-name=\"email\"><input size=\"40\" class=\"wpcf7-form-control wpcf7-text wpcf7-email wpcf7-validates-as-required wpcf7-validates-as-email\" aria-required=\"true\" aria-invalid=\"false\" value=\"\" type=\"email\" name=\"email\" \/><\/span><label class=\"hide\" for=\"email\">E-mail<\/label>\n\t\t\t\t\t<\/p>\n\t\t\t\t\t<div class=\"validation\" for=\"email\" data-type=\"valueMissing\">\n\t\t\t\t\t\t<p>H\u00e3y \u0111i\u1ec1n \u0111\u1ecba ch\u1ec9 email c\u1ee7a b\u1ea1n.\n\t\t\t\t\t\t<\/p>\n\t\t\t\t\t<\/div>\n\t\t\t\t\t<div class=\"validation\" for=\"email\" data-type=\"typeMismatch\">\n\t\t\t\t\t\t<p>\u0110\u00e2y kh\u00f4ng ph\u1ea3i l\u00e0 m\u1ed9t \u0111\u1ecba ch\u1ec9 email h\u1ee3p l\u1ec7.\n\t\t\t\t\t\t<\/p>\n\t\t\t\t\t<\/div>\n\t\t\t\t<\/div>\n\t\t\t<\/li>\n\t\t\t<li class=\"select half\">\n\t\t\t\t<div class=\"input-text\">\n\t\t\t\t\t<p><span class=\"wpcf7-form-control-wrap\" data-name=\"services\"><select class=\"wpcf7-form-control wpcf7-select wpcf7-validates-as-required\" aria-required=\"true\" aria-invalid=\"false\" name=\"services\"><option value=\"\"><\/option><option value=\"T\u1ee7 Thu\u1ed1c Gia \u0110\u00ecnh\">T\u1ee7 Thu\u1ed1c Gia \u0110\u00ecnh<\/option><option value=\"V\u1eadt L\u00fd\">V\u1eadt L\u00fd<\/option><option value=\"H\u00ecnh \u1ea2nh\">H\u00ecnh \u1ea2nh<\/option><option value=\"Ch\u1ee7ng Ng\u1eeba\">Ch\u1ee7ng Ng\u1eeba<\/option><option value=\"Qu\u1ea3n L\u00fd B\u1ec7nh Ti\u1ec3u \u0110\u01b0\u1eddng\">Qu\u1ea3n L\u00fd B\u1ec7nh Ti\u1ec3u \u0110\u01b0\u1eddng<\/option><option value=\"S\u1ee9c Kh\u1ecfe Ph\u1ee5 N\u1eef\">S\u1ee9c Kh\u1ecfe Ph\u1ee5 N\u1eef<\/option><option value=\"Th\u1eed Nghi\u1ec7m Covid\">Th\u1eed Nghi\u1ec7m Covid<\/option><option value=\"Ch\u0103m S\u00f3c \u0110\u1eb7c Bi\u1ec7t\">Ch\u0103m S\u00f3c \u0110\u1eb7c Bi\u1ec7t<\/option><option value=\"G\u00e3y X\u01b0\u01a1ng V\u00e0 Bong G\u00e2n\">G\u00e3y X\u01b0\u01a1ng V\u00e0 Bong G\u00e2n<\/option><option value=\"B\u1ecfng Nh\u1eb9\">B\u1ecfng Nh\u1eb9<\/option><\/select><\/span><label class=\"hide\" for=\"services\">Ch\u1ecdn d\u1ecbch v\u1ee5 c\u1ee7a b\u1ea1n<\/label><svg class=\"site-arrow\" data-use=\"\/includes\/flair.svg#arrow-down\" viewbox=\"0 0 30 30\">\n                  <path class=\"line arrow-point\" d=\"M8.6,15.4l6.4,6.4l6.4-6.4\" style=\"stroke-dashoffset:19;stroke-dasharray:19\"><\/path>\n                  <path class=\"line arrow-line\" d=\"M15,7.9v13.9\" style=\"stroke-dashoffset:14;stroke-dasharray:14\"><\/path>\n                  <path class=\"line arrow-box\" d=\"M26,4H4v22h22V4z\" style=\"stroke-dashoffset:88;stroke-dasharray:88\"><\/path>\n               <\/svg>\n\t\t\t\t\t<\/p>\n\t\t\t\t\t<div class=\"validation\" for=\"services\" data-type=\"valueMissing\">\n\t\t\t\t\t\t<p>Vui l\u00f2ng ch\u1ecdn.\n\t\t\t\t\t\t<\/p>\n\t\t\t\t\t<\/div>\n\t\t\t\t<\/div>\n\t\t\t<\/li>\n\t\t\t<li class=\"select half\">\n\t\t\t\t<div class=\"input-text\">\n\t\t\t\t\t<p><span class=\"wpcf7-form-control-wrap\" data-name=\"leadtype\"><select class=\"wpcf7-form-control wpcf7-select wpcf7-validates-as-required\" aria-required=\"true\" aria-invalid=\"false\" name=\"leadtype\"><option value=\"\"><\/option><option value=\"V\u00e2ng, t\u00f4i l\u00e0 m\u1ed9t b\u1ec7nh nh\u00e2n m\u1edbi ti\u1ec1m n\u0103ng\">V\u00e2ng, t\u00f4i l\u00e0 m\u1ed9t b\u1ec7nh nh\u00e2n m\u1edbi ti\u1ec1m n\u0103ng<\/option><option value=\"Kh\u00f4ng, t\u00f4i l\u00e0 m\u1ed9t b\u1ec7nh nh\u00e2n hi\u1ec7n t\u1ea1i\">Kh\u00f4ng, t\u00f4i l\u00e0 m\u1ed9t b\u1ec7nh nh\u00e2n hi\u1ec7n t\u1ea1i<\/option><option value=\"T\u00f4i c\u0169ng kh\u00f4ng.\">T\u00f4i c\u0169ng kh\u00f4ng.<\/option><\/select><\/span><label class=\"hide\" for=\"leadtype\">B\u1ea1n c\u00f3 ph\u1ea3i l\u00e0 b\u1ec7nh nh\u00e2n m\u1edbi?<\/label><svg class=\"site-arrow\" data-use=\"\/includes\/flair.svg#arrow-down\" viewbox=\"0 0 30 30\">\n                  <path class=\"line arrow-point\" d=\"M8.6,15.4l6.4,6.4l6.4-6.4\" style=\"stroke-dashoffset:19;stroke-dasharray:19\"><\/path>\n                  <path class=\"line arrow-line\" d=\"M15,7.9v13.9\" style=\"stroke-dashoffset:14;stroke-dasharray:14\"><\/path>\n                  <path class=\"line arrow-box\" d=\"M26,4H4v22h22V4z\" style=\"stroke-dashoffset:88;stroke-dasharray:88\"><\/path>\n               <\/svg>\n\t\t\t\t\t<\/p>\n\t\t\t\t\t<div class=\"validation\" for=\"leadtype\" data-type=\"valueMissing\">\n\t\t\t\t\t\t<p>Vui l\u00f2ng ch\u1ecdn.\n\t\t\t\t\t\t<\/p>\n\t\t\t\t\t<\/div>\n\t\t\t\t<\/div>\n\t\t\t<\/li>\n\t\t\t<li class=\"message\">\n\t\t\t\t<div class=\"input-text\">\n\t\t\t\t\t<p><span class=\"wpcf7-form-control-wrap\" data-name=\"message\"><textarea cols=\"40\" rows=\"2\" class=\"wpcf7-form-control wpcf7-textarea wpcf7-validates-as-required\" aria-required=\"true\" aria-invalid=\"false\" name=\"message\"><\/textarea><\/span><label class=\"hide\" for=\"message\">Th\u00f4ng \u0111i\u1ec7p<\/label>\n\t\t\t\t\t<\/p>\n\t\t\t\t\t<div class=\"validation\" for=\"message\" data-type=\"valueMissing\">\n\t\t\t\t\t\t<p>Vui l\u00f2ng nh\u1eadp m\u1ed9t tin nh\u1eafn.\n\t\t\t\t\t\t<\/p>\n\t\t\t\t\t<\/div>\n\t\t\t\t<\/div>\n\t\t\t<\/li>\n\t\t<\/ul>\n\t<\/fieldset>\n\t<div class=\"top-margin-tiny text-align\">\n\t\t<p><input class=\"wpcf7-form-control has-spinner wpcf7-submit custom_submit btn v1\" type=\"submit\" value=\"G\u1eedi Th\u00f4ng Tin\" \/>\n\t\t<\/p>\n\t<\/div>\n<\/div><div class=\"wpcf7-response-output\" aria-hidden=\"true\"><\/div>\n<\/form>\n<\/div>\n\n","protected":false},"excerpt":{"rendered":"<p>LI\u00caN H\u1ec6 V\u1edaI GWINNETT CH\u0102M S\u00d3C KH\u1ea8N C\u1ea4P &amp; TH\u1ef0C H\u00c0NH GIA \u0110\u00ccNH NGAY H\u00d4M NAY! Gwinnett Urgent Care &amp; Family Practice cung c\u1ea5p d\u1ecbch v\u1ee5 ch\u0103m s\u00f3c s\u1ee9c kh\u1ecfe h\u1ee3p t\u00fai ti\u1ec1n \u1edf Norcross, GA. C\u00e1c d\u1ecbch v\u1ee5 c\u1ee7a ch\u00fang t\u00f4i bao g\u1ed3m ch\u1ee5p \u1ea3nh y t\u1ebf t\u1ea1i ch\u1ed7, x\u00e9t nghi\u1ec7m COVID-19, ti\u00eam ph\u00f2ng [&hellip;]<\/p>\n","protected":false},"author":1,"featured_media":0,"parent":0,"menu_order":0,"comment_status":"closed","ping_status":"closed","template":"templates\/contact.php","meta":{"_acf_changed":false,"_monsterinsights_skip_tracking":false,"_monsterinsights_sitenote_active":false,"_monsterinsights_sitenote_note":"","_monsterinsights_sitenote_category":0,"footnotes":""},"class_list":["post-625","page","type-page","status-publish","hentry"],"acf":[],"yoast_head":"<!-- This site is optimized with the Yoast SEO plugin v20.1 - https:\/\/yoast.com\/wordpress\/plugins\/seo\/ -->\n<title>Li\u00ean h\u1ec7 ch\u00fang t\u00f4i - GWINNETT URGENT CARE &amp; FAMILY PRACTICE<\/title>\n<meta name=\"robots\" content=\"index, follow, max-snippet:-1, max-image-preview:large, max-video-preview:-1\" \/>\n<link rel=\"canonical\" href=\"https:\/\/www.gucfp.com\/vi\/lien-he-chung-toi\/\" \/>\n<meta property=\"og:locale\" content=\"vi_VN\" \/>\n<meta property=\"og:type\" content=\"article\" \/>\n<meta property=\"og:title\" content=\"Li\u00ean h\u1ec7 ch\u00fang t\u00f4i - GWINNETT URGENT CARE &amp; FAMILY PRACTICE\" \/>\n<meta property=\"og:description\" content=\"LI\u00caN H\u1ec6 V\u1edaI GWINNETT CH\u0102M S\u00d3C KH\u1ea8N C\u1ea4P &amp; TH\u1ef0C H\u00c0NH GIA \u0110\u00ccNH NGAY H\u00d4M NAY! Gwinnett Urgent Care &amp; Family Practice cung c\u1ea5p d\u1ecbch v\u1ee5 ch\u0103m s\u00f3c s\u1ee9c kh\u1ecfe h\u1ee3p t\u00fai ti\u1ec1n \u1edf Norcross, GA. C\u00e1c d\u1ecbch v\u1ee5 c\u1ee7a ch\u00fang t\u00f4i bao g\u1ed3m ch\u1ee5p \u1ea3nh y t\u1ebf t\u1ea1i ch\u1ed7, x\u00e9t nghi\u1ec7m COVID-19, ti\u00eam ph\u00f2ng [&hellip;]\" \/>\n<meta property=\"og:url\" content=\"https:\/\/www.gucfp.com\/vi\/lien-he-chung-toi\/\" \/>\n<meta property=\"og:site_name\" content=\"GWINNETT URGENT CARE &amp; FAMILY PRACTICE\" \/>\n<meta property=\"article:modified_time\" content=\"2023-02-09T12:43:22+00:00\" \/>\n<meta name=\"twitter:card\" content=\"summary_large_image\" \/>\n<meta name=\"twitter:label1\" content=\"Est. reading time\" \/>\n\t<meta name=\"twitter:data1\" content=\"2 minutes\" \/>\n<script type=\"application\/ld+json\" class=\"yoast-schema-graph\">{\"@context\":\"https:\/\/schema.org\",\"@graph\":[{\"@type\":\"WebPage\",\"@id\":\"https:\/\/www.gucfp.com\/vi\/lien-he-chung-toi\/\",\"url\":\"https:\/\/www.gucfp.com\/vi\/lien-he-chung-toi\/\",\"name\":\"Li\u00ean h\u1ec7 ch\u00fang t\u00f4i - GWINNETT URGENT CARE &amp; FAMILY PRACTICE\",\"isPartOf\":{\"@id\":\"https:\/\/www.gucfp.com\/vi\/#website\"},\"datePublished\":\"2023-01-11T10:17:18+00:00\",\"dateModified\":\"2023-02-09T12:43:22+00:00\",\"breadcrumb\":{\"@id\":\"https:\/\/www.gucfp.com\/vi\/lien-he-chung-toi\/#breadcrumb\"},\"inLanguage\":\"vi-VN\",\"potentialAction\":[{\"@type\":\"ReadAction\",\"target\":[\"https:\/\/www.gucfp.com\/vi\/lien-he-chung-toi\/\"]}]},{\"@type\":\"BreadcrumbList\",\"@id\":\"https:\/\/www.gucfp.com\/vi\/lien-he-chung-toi\/#breadcrumb\",\"itemListElement\":[{\"@type\":\"ListItem\",\"position\":1,\"name\":\"Home\",\"item\":\"https:\/\/www.gucfp.com\/vi\/nha\/\"},{\"@type\":\"ListItem\",\"position\":2,\"name\":\"Li\u00ean h\u1ec7 ch\u00fang t\u00f4i\"}]},{\"@type\":\"WebSite\",\"@id\":\"https:\/\/www.gucfp.com\/vi\/#website\",\"url\":\"https:\/\/www.gucfp.com\/vi\/\",\"name\":\"GWINNETT URGENT CARE &amp; FAMILY PRACTICE\",\"description\":\"Medical Practitioners Located in Norcross, GA\",\"potentialAction\":[{\"@type\":\"SearchAction\",\"target\":{\"@type\":\"EntryPoint\",\"urlTemplate\":\"https:\/\/www.gucfp.com\/vi\/?s={search_term_string}\"},\"query-input\":\"required name=search_term_string\"}],\"inLanguage\":\"vi-VN\"}]}<\/script>\n<!-- \/ Yoast SEO plugin. -->","yoast_head_json":{"title":"Li\u00ean h\u1ec7 ch\u00fang t\u00f4i - GWINNETT URGENT CARE &amp; FAMILY PRACTICE","robots":{"index":"index","follow":"follow","max-snippet":"max-snippet:-1","max-image-preview":"max-image-preview:large","max-video-preview":"max-video-preview:-1"},"canonical":"https:\/\/www.gucfp.com\/vi\/lien-he-chung-toi\/","og_locale":"vi_VN","og_type":"article","og_title":"Li\u00ean h\u1ec7 ch\u00fang t\u00f4i - GWINNETT URGENT CARE &amp; FAMILY PRACTICE","og_description":"LI\u00caN H\u1ec6 V\u1edaI GWINNETT CH\u0102M S\u00d3C KH\u1ea8N C\u1ea4P &amp; TH\u1ef0C H\u00c0NH GIA \u0110\u00ccNH NGAY H\u00d4M NAY! Gwinnett Urgent Care &amp; Family Practice cung c\u1ea5p d\u1ecbch v\u1ee5 ch\u0103m s\u00f3c s\u1ee9c kh\u1ecfe h\u1ee3p t\u00fai ti\u1ec1n \u1edf Norcross, GA. C\u00e1c d\u1ecbch v\u1ee5 c\u1ee7a ch\u00fang t\u00f4i bao g\u1ed3m ch\u1ee5p \u1ea3nh y t\u1ebf t\u1ea1i ch\u1ed7, x\u00e9t nghi\u1ec7m COVID-19, ti\u00eam ph\u00f2ng [&hellip;]","og_url":"https:\/\/www.gucfp.com\/vi\/lien-he-chung-toi\/","og_site_name":"GWINNETT URGENT CARE &amp; FAMILY PRACTICE","article_modified_time":"2023-02-09T12:43:22+00:00","twitter_card":"summary_large_image","twitter_misc":{"Est. reading time":"2 minutes"},"schema":{"@context":"https:\/\/schema.org","@graph":[{"@type":"WebPage","@id":"https:\/\/www.gucfp.com\/vi\/lien-he-chung-toi\/","url":"https:\/\/www.gucfp.com\/vi\/lien-he-chung-toi\/","name":"Li\u00ean h\u1ec7 ch\u00fang t\u00f4i - GWINNETT URGENT CARE &amp; FAMILY PRACTICE","isPartOf":{"@id":"https:\/\/www.gucfp.com\/vi\/#website"},"datePublished":"2023-01-11T10:17:18+00:00","dateModified":"2023-02-09T12:43:22+00:00","breadcrumb":{"@id":"https:\/\/www.gucfp.com\/vi\/lien-he-chung-toi\/#breadcrumb"},"inLanguage":"vi-VN","potentialAction":[{"@type":"ReadAction","target":["https:\/\/www.gucfp.com\/vi\/lien-he-chung-toi\/"]}]},{"@type":"BreadcrumbList","@id":"https:\/\/www.gucfp.com\/vi\/lien-he-chung-toi\/#breadcrumb","itemListElement":[{"@type":"ListItem","position":1,"name":"Home","item":"https:\/\/www.gucfp.com\/vi\/nha\/"},{"@type":"ListItem","position":2,"name":"Li\u00ean h\u1ec7 ch\u00fang t\u00f4i"}]},{"@type":"WebSite","@id":"https:\/\/www.gucfp.com\/vi\/#website","url":"https:\/\/www.gucfp.com\/vi\/","name":"GWINNETT URGENT CARE &amp; FAMILY PRACTICE","description":"Medical Practitioners Located in Norcross, GA","potentialAction":[{"@type":"SearchAction","target":{"@type":"EntryPoint","urlTemplate":"https:\/\/www.gucfp.com\/vi\/?s={search_term_string}"},"query-input":"required name=search_term_string"}],"inLanguage":"vi-VN"}]}},"featured_image_src":null,"featured_image_src_square":null,"_links":{"self":[{"href":"https:\/\/www.gucfp.com\/vi\/wp-json\/wp\/v2\/pages\/625","targetHints":{"allow":["GET"]}}],"collection":[{"href":"https:\/\/www.gucfp.com\/vi\/wp-json\/wp\/v2\/pages"}],"about":[{"href":"https:\/\/www.gucfp.com\/vi\/wp-json\/wp\/v2\/types\/page"}],"author":[{"embeddable":true,"href":"https:\/\/www.gucfp.com\/vi\/wp-json\/wp\/v2\/users\/1"}],"replies":[{"embeddable":true,"href":"https:\/\/www.gucfp.com\/vi\/wp-json\/wp\/v2\/comments?post=625"}],"version-history":[{"count":0,"href":"https:\/\/www.gucfp.com\/vi\/wp-json\/wp\/v2\/pages\/625\/revisions"}],"wp:attachment":[{"href":"https:\/\/www.gucfp.com\/vi\/wp-json\/wp\/v2\/media?parent=625"}],"curies":[{"name":"wp","href":"https:\/\/api.w.org\/{rel}","templated":true}]}}