{"id":599,"date":"2023-01-11T09:25:59","date_gmt":"2023-01-11T09:25:59","guid":{"rendered":"https:\/\/www.gucfp.com\/tu-thuoc-gia-dinh\/quan-ly-benh-tieu-duong\/"},"modified":"2023-04-06T12:41:21","modified_gmt":"2023-04-06T12:41:21","slug":"quan-ly-benh-tieu-duong","status":"publish","type":"page","link":"https:\/\/www.gucfp.com\/vi\/tu-thuoc-gia-dinh\/quan-ly-benh-tieu-duong\/","title":{"rendered":"Qu\u1ea3n l\u00fd b\u1ec7nh ti\u1ec3u \u0111\u01b0\u1eddng"},"content":{"rendered":"\n<h1 class=\"wp-block-heading\">QU\u1ea2N L\u00dd B\u1ec6NH TI\u1ec2U \u0110\u01af\u1edcNG T\u1ea0I NORCROSS<\/h1>\n\n<h3 class=\"wp-block-heading\">Theo d\u00f5i, Thu\u1ed1c v\u00e0 L\u1ef1a ch\u1ecdn Cu\u1ed9c s\u1ed1ng \u0111\u1ec3 Qu\u1ea3n l\u00fd B\u1ec7nh ti\u1ec3u \u0111\u01b0\u1eddng<\/h3>\n\n<p><a href=\"https:\/\/www.gucfp.com\/vi\/ve-chung-toi\/\" data-type=\"page\" data-id=\"23\">Gwinnett Urgent Care &amp; Family Practice<\/a> cung c\u1ea5p c\u00e1c d\u1ecbch v\u1ee5 y t\u1ebf cho c\u1ea3 gia \u0111\u00ecnh \u1edf Norcross, GA. Ch\u00fang t\u00f4i thi\u1ebft k\u1ebf c\u00e1c k\u1ebf ho\u1ea1ch \u0111i\u1ec1u tr\u1ecb \u0111\u1ec3 qu\u1ea3n l\u00fd c\u00e1c b\u1ec7nh m\u00e3n t\u00ednh c\u1ee7a b\u1ec7nh nh\u00e2n, bao g\u1ed3m c\u1ea3 b\u1ec7nh ti\u1ec3u \u0111\u01b0\u1eddng. Nh\u00f3m c\u1ee7a ch\u00fang t\u00f4i s\u1ebd xem x\u00e9t l\u1ecbch s\u1eed y t\u1ebf c\u1ee7a b\u1ea1n, th\u1ea3o lu\u1eadn v\u1ec1 l\u1ef1a ch\u1ecdn ch\u0103m s\u00f3c n\u00e0o ph\u00f9 h\u1ee3p v\u1edbi ho\u00e0n c\u1ea3nh c\u1ee7a b\u1ea1n v\u00e0 \u0111\u01b0a ra l\u1eddi khuy\u00ean cho b\u1ea1n v\u1ec1 l\u1ed1i s\u1ed1ng l\u00e0nh m\u1ea1nh.<\/p>\n\n<p>Ch\u00fang t\u00f4i cung c\u1ea5p c\u00e1c d\u1ecbch v\u1ee5 ch\u0103m s\u00f3c s\u1ee9c kh\u1ecfe b\u1eb1ng ti\u1ebfng Anh, ti\u1ebfng Vi\u1ec7t v\u00e0 ti\u1ebfng T\u00e2y Ban Nha. Ch\u00fang t\u00f4i cung c\u1ea5p d\u1ecbch v\u1ee5 ch\u0103m s\u00f3c s\u1ee9c kh\u1ecfe cho c\u1ea3 ng\u01b0\u1eddi \u0111\u01b0\u1ee3c b\u1ea3o hi\u1ec3m v\u00e0 ng\u01b0\u1eddi kh\u00f4ng c\u00f3 b\u1ea3o hi\u1ec3m: ch\u00fang t\u00f4i ch\u1ea5p nh\u1eadn h\u1ea7u h\u1ebft c\u00e1c ch\u01b0\u01a1ng tr\u00ecnh b\u1ea3o hi\u1ec3m v\u00e0 \u0111\u01b0a ra m\u1ee9c gi\u00e1 ph\u1ea3i tr\u1ea3 t\u1eeb t\u00fai ti\u1ec1n c\u1ee7a m\u00ecnh. Ch\u00fang t\u00f4i hoan ngh\u00eanh b\u1ea1n \u0111\u1ebfn th\u0103m kh\u00e1m ch\u0103m s\u00f3c ch\u00ednh khi b\u1ea1n \u0111ang t\u00ecm ki\u1ebfm m\u1ed9t b\u00e1c s\u0129 gia \u0111\u00ecnh. Trung t\u00e2m y t\u1ebf c\u1ee7a ch\u00fang t\u00f4i c\u0169ng cung c\u1ea5p d\u1ecbch v\u1ee5 ch\u0103m s\u00f3c kh\u1ea9n c\u1ea5p trong tr\u01b0\u1eddng h\u1ee3p kh\u1ea9n c\u1ea5p. c\u0169ng nh\u01b0 c\u00e1c tr\u01b0\u1eddng h\u1ee3p kh\u1ea9n c\u1ea5p.<\/p>\n\n<p class=\"text-highlight v2 bg-box bordered side-padding-medium vertical-padding-tiny\"><strong>T\u00ecm hi\u1ec3u th\u00eam v\u1ec1 qu\u1ea3n l\u00fd b\u1ec7nh ti\u1ec3u \u0111\u01b0\u1eddng Norcross c\u1ee7a ch\u00fang t\u00f4i. G\u1ecdi ngay h\u00f4m nay theo s\u1ed1 <a href=\"tel:470-275-4911\">470-275-4911<\/a> ho\u1eb7c \u0111\u1eb7t l\u1ecbch h\u1eb9n qua <a href=\"https:\/\/www.gucfp.com\/vi\/lien-he-chung-toi\/\">m\u1eabu tr\u1ef1c tuy\u1ebfn c\u1ee7a ch\u00fang t\u00f4i<\/a> .<\/strong><\/p>\n\n<h3 class=\"wp-block-heading\">\u0110i\u1ec1u tr\u1ecb v\u00e0 ki\u1ec3m tra \u0111\u1ecbnh k\u1ef3 b\u1ec7nh ti\u1ec3u \u0111\u01b0\u1eddng<\/h3>\n\n<p>C\u00e1c b\u00e1c s\u0129 c\u1ee7a ch\u00fang t\u00f4i s\u1ebd t\u1ea1o ra m\u1ed9t k\u1ebf ho\u1ea1ch \u0111i\u1ec1u tr\u1ecb xung quanh lo\u1ea1i b\u1ec7nh ti\u1ec3u \u0111\u01b0\u1eddng m\u00e0 b\u1ea1n m\u1eafc ph\u1ea3i. Ch\u00fang t\u00f4i c\u00f3 th\u1ec3 h\u01b0\u1edbng d\u1eabn b\u1ea1n c\u00e1ch ki\u1ec3m tra l\u01b0\u1ee3ng \u0111\u01b0\u1eddng trong m\u00e1u (bao g\u1ed3m ph\u01b0\u01a1ng ph\u00e1p, th\u1eddi gian trong ng\u00e0y v\u00e0 nh\u1eefng con s\u1ed1 c\u1ea7n t\u00ecm). T\u00f9y thu\u1ed9c v\u00e0o t\u00ecnh tr\u1ea1ng c\u1ee7a b\u1ea1n, b\u1ea1n c\u00f3 th\u1ec3 c\u1ea7n d\u00f9ng thu\u1ed1c u\u1ed1ng v\u00e0\/ho\u1eb7c insulin.<\/p>\n\n<p>C\u00f4ng ngh\u1ec7 qu\u1ea3n l\u00fd b\u1ec7nh ti\u1ec3u \u0111\u01b0\u1eddng \u0111\u00e3 ti\u1ebfn b\u1ed9 \u0111\u00e1ng k\u1ec3. Gi\u1edd \u0111\u00e2y, b\u1ea1n c\u00f3 nhi\u1ec1u thi\u1ebft b\u1ecb \u0111\u1ec3 l\u1ef1a ch\u1ecdn d\u1ef1a tr\u00ean l\u1ed1i s\u1ed1ng, chi ph\u00ed v\u00e0 ph\u1ea1m vi b\u1ea3o hi\u1ec3m c\u1ee7a m\u00ecnh.<\/p>\n\n<p><strong>C\u00f4ng ngh\u1ec7 theo d\u00f5i v\u00e0 \u0111i\u1ec1u tr\u1ecb b\u1ec7nh ti\u1ec3u \u0111\u01b0\u1eddng bao g\u1ed3m:<\/strong><\/p>\n\n<ul class=\"wp-block-list\">\n<li>M\u00e1y \u0111o \u0111\u01b0\u1eddng huy\u1ebft<\/li>\n\n\n\n<li>Theo d\u00f5i glucose li\u00ean t\u1ee5c (CGM)<\/li>\n\n\n\n<li>B\u00fat insulin th\u00f4ng minh<\/li>\n\n\n\n<li>b\u01a1m insulin<\/li>\n<\/ul>\n\n<p>M\u1ed9t s\u1ed1 t\u00ecnh hu\u1ed1ng nh\u01b0 \u1ed1m \u0111au c\u00f3 th\u1ec3 \u1ea3nh h\u01b0\u1edfng \u0111\u1ebfn b\u1ec7nh ti\u1ec3u \u0111\u01b0\u1eddng, v\u1edbi c\u00e1c hormone l\u00e0m t\u0103ng l\u01b0\u1ee3ng \u0111\u01b0\u1eddng trong m\u00e1u c\u1ee7a b\u1ea1n v\u00e0\/ho\u1eb7c \u1ea3nh h\u01b0\u1edfng \u0111\u1ebfn s\u1ef1 thay \u0111\u1ed5i kh\u1ea9u v\u1ecb. M\u1ee9c \u0111\u1ed9 n\u1ed9i ti\u1ebft t\u1ed1 thay \u0111\u1ed5i do kinh nguy\u1ec7t v\u00e0 m\u00e3n kinh c\u0169ng c\u00f3 th\u1ec3 thay \u0111\u1ed5i l\u01b0\u1ee3ng \u0111\u01b0\u1eddng trong m\u00e1u c\u1ee7a b\u1ea1n. C\u00e1c b\u00e1c s\u0129 c\u1ee7a ch\u00fang t\u00f4i s\u1ebd th\u1ea3o lu\u1eadn v\u1ec1 nh\u1eefng vi\u1ec7c c\u1ea7n l\u00e0m trong nh\u1eefng tr\u01b0\u1eddng h\u1ee3p nh\u01b0 v\u1eady \u0111\u1ec3 b\u1ea1n c\u00f3 m\u1ed9t k\u1ebf ho\u1ea1ch.<\/p>\n\n<p>Ki\u1ec3m tra th\u01b0\u1eddng xuy\u00ean v\u1edbi nh\u00e0 cung c\u1ea5p d\u1ecbch v\u1ee5 y t\u1ebf c\u1ee7a b\u1ea1n \u0111\u1ea3m b\u1ea3o r\u1eb1ng b\u1ea1n \u0111ang nh\u1eadn \u0111\u01b0\u1ee3c thu\u1ed1c v\u00e0 li\u1ec1u l\u01b0\u1ee3ng th\u00edch h\u1ee3p. C\u00e1c cu\u1ed9c h\u1eb9n th\u00f4ng th\u01b0\u1eddng n\u00e0y c\u0169ng c\u00f3 th\u1ec3 li\u00ean quan \u0111\u1ebfn vi\u1ec7c th\u1ea3o lu\u1eadn v\u1ec1 c\u00e1c l\u1ef1a ch\u1ecdn kh\u00e1c ho\u1eb7c m\u1edbi \u0111\u1ec3 theo d\u00f5i h\u00e0ng ng\u00e0y.<\/p>\n\n<p><\/p><h3 style=\"box-sizing: border-box; font-family: Roboto, sans-serif; line-height: 1; font-size: 1.6rem; font-weight: 600; margin: 0.5rem 0px 0.3rem; color: rgb(201, 32, 41); white-space: normal; background-color: rgb(252, 252, 252);\">L\u1eddi khuy\u00ean cho m\u1ed9t l\u1ed1i s\u1ed1ng l\u00e0nh m\u1ea1nh<\/h3>\n\n<p>C\u00e1c b\u00e1c s\u0129 c\u1ee7a ch\u00fang t\u00f4i bi\u1ebft t\u1ea7m quan tr\u1ecdng c\u1ee7a vi\u1ec7c \u0111i\u1ec1u tr\u1ecb y t\u1ebf v\u00e0 theo d\u00f5i c\u1ea9n th\u1eadn b\u1ec7nh ti\u1ec3u \u0111\u01b0\u1eddng c\u1ee7a b\u1ea1n, nh\u01b0ng ch\u00fang t\u00f4i c\u0169ng hi\u1ec3u r\u1eb1ng c\u00f3 nhi\u1ec1u y\u1ebfu t\u1ed1 h\u00e0ng ng\u00e0y \u1ea3nh h\u01b0\u1edfng. S\u1ee9c kh\u1ecfe c\u1ee7a b\u1ea1n l\u00e0 \u01b0u ti\u00ean h\u00e0ng \u0111\u1ea7u c\u1ee7a ch\u00fang t\u00f4i v\u00e0 c\u00f4ng vi\u1ec7c c\u1ee7a ch\u00fang t\u00f4i bao g\u1ed3m gi\u00e1o d\u1ee5c b\u1ea1n v\u1ec1 c\u00e1c ph\u01b0\u01a1ng ph\u00e1p hay nh\u1ea5t \u0111\u1ec3 c\u00f3 s\u1ee9c kh\u1ecfe t\u1ed1t.<\/p>\n\n<p><strong>C\u00e1c b\u00e1c s\u0129 c\u1ee7a ch\u00fang t\u00f4i c\u00f3 th\u1ec3 \u0111\u01b0a ra l\u1eddi khuy\u00ean v\u1ec1:<\/strong><\/p>\n\n<ul class=\"wp-block-list\">\n<li>\u0103n u\u1ed1ng l\u00e0nh m\u1ea1nh<\/li>\n\n\n\n<li>Ho\u1ea1t \u0111\u1ed9ng th\u1ec3 ch\u1ea5t th\u01b0\u1eddng xuy\u00ean<\/li>\n\n\n\n<li>Ki\u1ec3m so\u00e1t c\u0103ng th\u1eb3ng<\/li>\n<\/ul>\n\n<p>Ch\u00fang t\u00f4i c\u0169ng c\u00f3 th\u1ec3 t\u01b0 v\u1ea5n cho b\u1ea1n v\u1ec1 vi\u1ec7c u\u1ed1ng r\u01b0\u1ee3u c\u00f3 tr\u00e1ch nhi\u1ec7m \u0111\u1ec3 qu\u1ea3n l\u00fd b\u1ec7nh ti\u1ec3u \u0111\u01b0\u1eddng c\u1ee7a b\u1ea1n. R\u01b0\u1ee3u c\u00f3 th\u1ec3 l\u00e0m t\u0103ng c\u00e1c bi\u1ebfn ch\u1ee9ng ti\u1ec3u \u0111\u01b0\u1eddng, nh\u01b0ng n\u1ebfu t\u00ecnh tr\u1ea1ng c\u1ee7a b\u1ea1n \u0111\u01b0\u1ee3c ki\u1ec3m so\u00e1t, th\u1ec9nh tho\u1ea3ng b\u1ea1n c\u00f3 th\u1ec3 u\u1ed1ng r\u01b0\u1ee3u.<\/p>\n\n<p>C\u00e1ch hi\u1ec7u qu\u1ea3 nh\u1ea5t l\u00e0 qu\u1ea3n l\u00fd b\u1ec7nh ti\u1ec3u \u0111\u01b0\u1eddng c\u1ee7a b\u1ea1n b\u1eb1ng c\u00e1ch ti\u1ebfp c\u1eadn to\u00e0n di\u1ec7n bao g\u1ed3m c\u1ea3 \u0111i\u1ec1u tr\u1ecb b\u1eb1ng thu\u1ed1c v\u00e0 \u0111i\u1ec1u ch\u1ec9nh l\u1ed1i s\u1ed1ng. B\u1eb1ng c\u00e1ch n\u00e0y, b\u1ea1n s\u1ebd h\u1ecdc \u0111\u01b0\u1ee3c c\u00e1c m\u1eb9o h\u1eefu \u00edch \u0111\u1ec3 lu\u00f4n ki\u1ec3m so\u00e1t \u0111\u01b0\u1ee3c s\u1ee9c kh\u1ecfe c\u1ee7a m\u00ecnh v\u00e0 t\u1eadn h\u01b0\u1edfng cu\u1ed9c s\u1ed1ng.<\/p>\n\n<p class=\"text-highlight v8 flex-between-middle bg-box unlike-bg side-padding-medium vertical-padding-tiny\"><strong>Ch\u00fang t\u00f4i c\u00f3 th\u1ec3 t\u00ecm ra ph\u01b0\u01a1ng ph\u00e1p \u0111i\u1ec1u tr\u1ecb ph\u00f9 h\u1ee3p \u0111\u1ec3 qu\u1ea3n l\u00fd b\u1ec7nh ti\u1ec3u \u0111\u01b0\u1eddng c\u1ee7a b\u1ea1n. H\u00e3y g\u1ecdi cho ch\u00fang t\u00f4i theo s\u1ed1 <a href=\"tel:470-275-4911\">470-275-4911<\/a> ho\u1eb7c s\u1eed d\u1ee5ng <a href=\"https:\/\/www.gucfp.com\/vi\/lien-he-chung-toi\/\" data-type=\"page\" data-id=\"235\">m\u1eabu li\u00ean h\u1ec7 tr\u1ef1c tuy\u1ebfn c\u1ee7a ch\u00fang t\u00f4i<\/a> \u0111\u1ec3 \u0111\u1eb7t l\u1ecbch h\u1eb9n v\u00e0 t\u00ecm hi\u1ec3u th\u00eam v\u1ec1 c\u00e1c ph\u01b0\u01a1ng ph\u00e1p \u0111i\u1ec1u tr\u1ecb qu\u1ea3n l\u00fd b\u1ec7nh ti\u1ec3u \u0111\u01b0\u1eddng Norcross c\u1ee7a ch\u00fang t\u00f4i.<\/strong><\/p>\n","protected":false},"excerpt":{"rendered":"<p>QU\u1ea2N L\u00dd B\u1ec6NH TI\u1ec2U \u0110\u01af\u1edcNG T\u1ea0I NORCROSS Theo d\u00f5i, Thu\u1ed1c v\u00e0 L\u1ef1a ch\u1ecdn Cu\u1ed9c s\u1ed1ng \u0111\u1ec3 Qu\u1ea3n l\u00fd B\u1ec7nh ti\u1ec3u \u0111\u01b0\u1eddng Gwinnett Urgent Care &amp; Family Practice cung c\u1ea5p c\u00e1c d\u1ecbch v\u1ee5 y t\u1ebf cho c\u1ea3 gia \u0111\u00ecnh \u1edf Norcross, GA. Ch\u00fang t\u00f4i thi\u1ebft k\u1ebf c\u00e1c k\u1ebf ho\u1ea1ch \u0111i\u1ec1u tr\u1ecb \u0111\u1ec3 qu\u1ea3n l\u00fd c\u00e1c b\u1ec7nh [&hellip;]<\/p>\n","protected":false},"author":2,"featured_media":552,"parent":589,"menu_order":0,"comment_status":"closed","ping_status":"closed","template":"templates\/service_inner.php","meta":{"_acf_changed":false,"_monsterinsights_skip_tracking":false,"_monsterinsights_sitenote_active":false,"_monsterinsights_sitenote_note":"","_monsterinsights_sitenote_category":0,"footnotes":""},"class_list":["post-599","page","type-page","status-publish","has-post-thumbnail","hentry"],"acf":[],"yoast_head":"<!-- This site is optimized with the Yoast SEO plugin v20.1 - https:\/\/yoast.com\/wordpress\/plugins\/seo\/ -->\n<title>Qu\u1ea3n l\u00fd b\u1ec7nh ti\u1ec3u \u0111\u01b0\u1eddng Norcross | \u0111i\u1ec1u tr\u1ecb b\u1ec7nh ti\u1ec3u \u0111\u01b0\u1eddng<\/title>\n<meta name=\"description\" content=\"C\u00f4ng ngh\u1ec7 theo d\u00f5i v\u00e0 \u0111i\u1ec1u tr\u1ecb b\u1ec7nh ti\u1ec3u \u0111\u01b0\u1eddng bao g\u1ed3m: M\u00e1y \u0111o \u0111\u01b0\u1eddng huy\u1ebft; Theo d\u00f5i glucose li\u00ean t\u1ee5c (CGM); b\u00fat insulin th\u00f4ng minh; M\u00e1y b\u01a1m insulin.\" \/>\n<meta name=\"robots\" content=\"index, follow, max-snippet:-1, max-image-preview:large, max-video-preview:-1\" \/>\n<link rel=\"canonical\" href=\"https:\/\/www.gucfp.com\/vi\/tu-thuoc-gia-dinh\/quan-ly-benh-tieu-duong\/\" \/>\n<meta property=\"og:locale\" content=\"vi_VN\" \/>\n<meta property=\"og:type\" content=\"article\" \/>\n<meta property=\"og:title\" content=\"Qu\u1ea3n l\u00fd b\u1ec7nh ti\u1ec3u \u0111\u01b0\u1eddng Norcross | \u0111i\u1ec1u tr\u1ecb b\u1ec7nh ti\u1ec3u \u0111\u01b0\u1eddng\" \/>\n<meta property=\"og:description\" content=\"C\u00f4ng ngh\u1ec7 theo d\u00f5i v\u00e0 \u0111i\u1ec1u tr\u1ecb b\u1ec7nh ti\u1ec3u \u0111\u01b0\u1eddng bao g\u1ed3m: M\u00e1y \u0111o \u0111\u01b0\u1eddng huy\u1ebft; Theo d\u00f5i glucose li\u00ean t\u1ee5c (CGM); b\u00fat insulin th\u00f4ng minh; M\u00e1y b\u01a1m insulin.\" \/>\n<meta property=\"og:url\" content=\"https:\/\/www.gucfp.com\/vi\/tu-thuoc-gia-dinh\/quan-ly-benh-tieu-duong\/\" \/>\n<meta property=\"og:site_name\" content=\"GWINNETT URGENT CARE &amp; FAMILY PRACTICE\" \/>\n<meta property=\"article:modified_time\" content=\"2023-04-06T12:41:21+00:00\" \/>\n<meta property=\"og:image\" content=\"https:\/\/www.gucfp.com\/wp-content\/uploads\/2023\/01\/diabetic-management-1.jpg\" \/>\n\t<meta property=\"og:image:width\" content=\"1920\" \/>\n\t<meta property=\"og:image:height\" content=\"444\" \/>\n\t<meta property=\"og:image:type\" content=\"image\/jpeg\" \/>\n<meta name=\"twitter:card\" content=\"summary_large_image\" \/>\n<meta name=\"twitter:label1\" content=\"Est. reading time\" \/>\n\t<meta name=\"twitter:data1\" content=\"4 minutes\" \/>\n<script type=\"application\/ld+json\" class=\"yoast-schema-graph\">{\"@context\":\"https:\/\/schema.org\",\"@graph\":[{\"@type\":\"WebPage\",\"@id\":\"https:\/\/www.gucfp.com\/vi\/tu-thuoc-gia-dinh\/quan-ly-benh-tieu-duong\/\",\"url\":\"https:\/\/www.gucfp.com\/vi\/tu-thuoc-gia-dinh\/quan-ly-benh-tieu-duong\/\",\"name\":\"Qu\u1ea3n l\u00fd b\u1ec7nh ti\u1ec3u \u0111\u01b0\u1eddng Norcross | \u0111i\u1ec1u tr\u1ecb b\u1ec7nh ti\u1ec3u \u0111\u01b0\u1eddng\",\"isPartOf\":{\"@id\":\"https:\/\/www.gucfp.com\/vi\/#website\"},\"datePublished\":\"2023-01-11T09:25:59+00:00\",\"dateModified\":\"2023-04-06T12:41:21+00:00\",\"description\":\"C\u00f4ng ngh\u1ec7 theo d\u00f5i v\u00e0 \u0111i\u1ec1u tr\u1ecb b\u1ec7nh ti\u1ec3u \u0111\u01b0\u1eddng bao g\u1ed3m: M\u00e1y \u0111o \u0111\u01b0\u1eddng huy\u1ebft; Theo d\u00f5i glucose li\u00ean t\u1ee5c (CGM); b\u00fat insulin th\u00f4ng minh; M\u00e1y b\u01a1m insulin.\",\"breadcrumb\":{\"@id\":\"https:\/\/www.gucfp.com\/vi\/tu-thuoc-gia-dinh\/quan-ly-benh-tieu-duong\/#breadcrumb\"},\"inLanguage\":\"vi-VN\",\"potentialAction\":[{\"@type\":\"ReadAction\",\"target\":[\"https:\/\/www.gucfp.com\/vi\/tu-thuoc-gia-dinh\/quan-ly-benh-tieu-duong\/\"]}]},{\"@type\":\"BreadcrumbList\",\"@id\":\"https:\/\/www.gucfp.com\/vi\/tu-thuoc-gia-dinh\/quan-ly-benh-tieu-duong\/#breadcrumb\",\"itemListElement\":[{\"@type\":\"ListItem\",\"position\":1,\"name\":\"Home\",\"item\":\"https:\/\/www.gucfp.com\/vi\/nha\/\"},{\"@type\":\"ListItem\",\"position\":2,\"name\":\"T\u1ee7 thu\u1ed1c gia \u0111\u00ecnh\",\"item\":\"https:\/\/www.gucfp.com\/vi\/tu-thuoc-gia-dinh\/\"},{\"@type\":\"ListItem\",\"position\":3,\"name\":\"Qu\u1ea3n l\u00fd b\u1ec7nh ti\u1ec3u \u0111\u01b0\u1eddng\"}]},{\"@type\":\"WebSite\",\"@id\":\"https:\/\/www.gucfp.com\/vi\/#website\",\"url\":\"https:\/\/www.gucfp.com\/vi\/\",\"name\":\"GWINNETT URGENT CARE &amp; FAMILY PRACTICE\",\"description\":\"Medical Practitioners Located in Norcross, GA\",\"potentialAction\":[{\"@type\":\"SearchAction\",\"target\":{\"@type\":\"EntryPoint\",\"urlTemplate\":\"https:\/\/www.gucfp.com\/vi\/?s={search_term_string}\"},\"query-input\":\"required name=search_term_string\"}],\"inLanguage\":\"vi-VN\"}]}<\/script>\n<!-- \/ Yoast SEO plugin. -->","yoast_head_json":{"title":"Qu\u1ea3n l\u00fd b\u1ec7nh ti\u1ec3u \u0111\u01b0\u1eddng Norcross | \u0111i\u1ec1u tr\u1ecb b\u1ec7nh ti\u1ec3u \u0111\u01b0\u1eddng","description":"C\u00f4ng ngh\u1ec7 theo d\u00f5i v\u00e0 \u0111i\u1ec1u tr\u1ecb b\u1ec7nh ti\u1ec3u \u0111\u01b0\u1eddng bao g\u1ed3m: M\u00e1y \u0111o \u0111\u01b0\u1eddng huy\u1ebft; Theo d\u00f5i glucose li\u00ean t\u1ee5c (CGM); b\u00fat insulin th\u00f4ng minh; M\u00e1y b\u01a1m insulin.","robots":{"index":"index","follow":"follow","max-snippet":"max-snippet:-1","max-image-preview":"max-image-preview:large","max-video-preview":"max-video-preview:-1"},"canonical":"https:\/\/www.gucfp.com\/vi\/tu-thuoc-gia-dinh\/quan-ly-benh-tieu-duong\/","og_locale":"vi_VN","og_type":"article","og_title":"Qu\u1ea3n l\u00fd b\u1ec7nh ti\u1ec3u \u0111\u01b0\u1eddng Norcross | \u0111i\u1ec1u tr\u1ecb b\u1ec7nh ti\u1ec3u \u0111\u01b0\u1eddng","og_description":"C\u00f4ng ngh\u1ec7 theo d\u00f5i v\u00e0 \u0111i\u1ec1u tr\u1ecb b\u1ec7nh ti\u1ec3u \u0111\u01b0\u1eddng bao g\u1ed3m: M\u00e1y \u0111o \u0111\u01b0\u1eddng huy\u1ebft; Theo d\u00f5i glucose li\u00ean t\u1ee5c (CGM); b\u00fat insulin th\u00f4ng minh; M\u00e1y b\u01a1m insulin.","og_url":"https:\/\/www.gucfp.com\/vi\/tu-thuoc-gia-dinh\/quan-ly-benh-tieu-duong\/","og_site_name":"GWINNETT URGENT CARE &amp; FAMILY PRACTICE","article_modified_time":"2023-04-06T12:41:21+00:00","og_image":[{"width":1920,"height":444,"url":"https:\/\/www.gucfp.com\/wp-content\/uploads\/2023\/01\/diabetic-management-1.jpg","type":"image\/jpeg"}],"twitter_card":"summary_large_image","twitter_misc":{"Est. reading time":"4 minutes"},"schema":{"@context":"https:\/\/schema.org","@graph":[{"@type":"WebPage","@id":"https:\/\/www.gucfp.com\/vi\/tu-thuoc-gia-dinh\/quan-ly-benh-tieu-duong\/","url":"https:\/\/www.gucfp.com\/vi\/tu-thuoc-gia-dinh\/quan-ly-benh-tieu-duong\/","name":"Qu\u1ea3n l\u00fd b\u1ec7nh ti\u1ec3u \u0111\u01b0\u1eddng Norcross | \u0111i\u1ec1u tr\u1ecb b\u1ec7nh ti\u1ec3u \u0111\u01b0\u1eddng","isPartOf":{"@id":"https:\/\/www.gucfp.com\/vi\/#website"},"datePublished":"2023-01-11T09:25:59+00:00","dateModified":"2023-04-06T12:41:21+00:00","description":"C\u00f4ng ngh\u1ec7 theo d\u00f5i v\u00e0 \u0111i\u1ec1u tr\u1ecb b\u1ec7nh ti\u1ec3u \u0111\u01b0\u1eddng bao g\u1ed3m: M\u00e1y \u0111o \u0111\u01b0\u1eddng huy\u1ebft; Theo d\u00f5i glucose li\u00ean t\u1ee5c (CGM); b\u00fat insulin th\u00f4ng minh; M\u00e1y b\u01a1m insulin.","breadcrumb":{"@id":"https:\/\/www.gucfp.com\/vi\/tu-thuoc-gia-dinh\/quan-ly-benh-tieu-duong\/#breadcrumb"},"inLanguage":"vi-VN","potentialAction":[{"@type":"ReadAction","target":["https:\/\/www.gucfp.com\/vi\/tu-thuoc-gia-dinh\/quan-ly-benh-tieu-duong\/"]}]},{"@type":"BreadcrumbList","@id":"https:\/\/www.gucfp.com\/vi\/tu-thuoc-gia-dinh\/quan-ly-benh-tieu-duong\/#breadcrumb","itemListElement":[{"@type":"ListItem","position":1,"name":"Home","item":"https:\/\/www.gucfp.com\/vi\/nha\/"},{"@type":"ListItem","position":2,"name":"T\u1ee7 thu\u1ed1c gia \u0111\u00ecnh","item":"https:\/\/www.gucfp.com\/vi\/tu-thuoc-gia-dinh\/"},{"@type":"ListItem","position":3,"name":"Qu\u1ea3n l\u00fd b\u1ec7nh ti\u1ec3u \u0111\u01b0\u1eddng"}]},{"@type":"WebSite","@id":"https:\/\/www.gucfp.com\/vi\/#website","url":"https:\/\/www.gucfp.com\/vi\/","name":"GWINNETT URGENT CARE &amp; FAMILY PRACTICE","description":"Medical Practitioners Located in Norcross, GA","potentialAction":[{"@type":"SearchAction","target":{"@type":"EntryPoint","urlTemplate":"https:\/\/www.gucfp.com\/vi\/?s={search_term_string}"},"query-input":"required name=search_term_string"}],"inLanguage":"vi-VN"}]}},"featured_image_src":"https:\/\/www.gucfp.com\/wp-content\/uploads\/2023\/01\/diabetic-management-1-600x400.jpg","featured_image_src_square":"https:\/\/www.gucfp.com\/wp-content\/uploads\/2023\/01\/diabetic-management-1-600x444.jpg","_links":{"self":[{"href":"https:\/\/www.gucfp.com\/vi\/wp-json\/wp\/v2\/pages\/599","targetHints":{"allow":["GET"]}}],"collection":[{"href":"https:\/\/www.gucfp.com\/vi\/wp-json\/wp\/v2\/pages"}],"about":[{"href":"https:\/\/www.gucfp.com\/vi\/wp-json\/wp\/v2\/types\/page"}],"author":[{"embeddable":true,"href":"https:\/\/www.gucfp.com\/vi\/wp-json\/wp\/v2\/users\/2"}],"replies":[{"embeddable":true,"href":"https:\/\/www.gucfp.com\/vi\/wp-json\/wp\/v2\/comments?post=599"}],"version-history":[{"count":0,"href":"https:\/\/www.gucfp.com\/vi\/wp-json\/wp\/v2\/pages\/599\/revisions"}],"up":[{"embeddable":true,"href":"https:\/\/www.gucfp.com\/vi\/wp-json\/wp\/v2\/pages\/589"}],"wp:featuredmedia":[{"embeddable":true,"href":"https:\/\/www.gucfp.com\/vi\/wp-json\/wp\/v2\/media\/552"}],"wp:attachment":[{"href":"https:\/\/www.gucfp.com\/vi\/wp-json\/wp\/v2\/media?parent=599"}],"curies":[{"name":"wp","href":"https:\/\/api.w.org\/{rel}","templated":true}]}}