{"id":592,"date":"2023-01-11T11:13:33","date_gmt":"2023-01-11T11:13:33","guid":{"rendered":"https:\/\/www.gucfp.com\/chinh-sach-bao-mat\/"},"modified":"2023-02-09T12:00:05","modified_gmt":"2023-02-09T12:00:05","slug":"chinh-sach-bao-mat","status":"publish","type":"page","link":"https:\/\/www.gucfp.com\/vi\/chinh-sach-bao-mat\/","title":{"rendered":"Ch\u00ednh s\u00e1ch b\u1ea3o m\u1eadt"},"content":{"rendered":"\n<div class=\"wp-block-group\"><div class=\"wp-block-group__inner-container is-layout-constrained wp-block-group-is-layout-constrained\">\n<p class=\"has-text-align-left\">Ch\u00fang t\u00f4i nh\u1eadn th\u1ea5y r\u1eb1ng b\u1ea1n c\u00f3 th\u1ec3 lo ng\u1ea1i v\u1ec1 vi\u1ec7c ch\u00fang t\u00f4i s\u1eed d\u1ee5ng v\u00e0 ti\u1ebft l\u1ed9 th\u00f4ng tin c\u00e1 nh\u00e2n c\u1ee7a b\u1ea1n. Quy\u1ec1n ri\u00eang t\u01b0 c\u1ee7a b\u1ea1n r\u1ea5t quan tr\u1ecdng \u0111\u1ed1i v\u1edbi ch\u00fang t\u00f4i v\u00e0 ph\u1ea7n sau \u0111\u00e2y s\u1ebd cho b\u1ea1n bi\u1ebft th\u00f4ng tin m\u00e0 ch\u00fang t\u00f4i, Gwinnett Urgent Care &amp; Family Practice, c\u00f3 th\u1ec3 thu th\u1eadp t\u1eeb b\u1ea1n v\u00e0 c\u00e1ch s\u1eed d\u1ee5ng th\u00f4ng tin \u0111\u00f3. B\u1eb1ng c\u00e1ch s\u1eed d\u1ee5ng trang web c\u1ee7a ch\u00fang t\u00f4i, www.gucfp.com, b\u1ea1n ch\u1ea5p nh\u1eadn c\u00e1c th\u00f4ng l\u1ec7 \u0111\u01b0\u1ee3c m\u00f4 t\u1ea3 trong ch\u00ednh s\u00e1ch n\u00e0y.<\/p>\n\n\n\n<h2 class=\"has-text-align-left wp-block-heading\">B\u1ed9 s\u01b0u t\u1eadp th\u00f4ng tin<\/h2>\n\n\n\n<p class=\"has-text-align-left\">Ch\u00fang t\u00f4i c\u00f3 th\u1ec3 thu th\u1eadp th\u00f4ng tin phi c\u00e1 nh\u00e2n, ch\u1eb3ng h\u1ea1n nh\u01b0 t\u00ean mi\u1ec1n v\u00e0 \u0110\u1ecba ch\u1ec9 IP. T\u00ean mi\u1ec1n v\u00e0 \u0111\u1ecba ch\u1ec9 IP kh\u00f4ng ti\u1ebft l\u1ed9 th\u00f4ng tin c\u00e1 nh\u00e2n n\u00e0o v\u1ec1 b\u1ea1n ngo\u00e0i \u0111\u1ecba ch\u1ec9 IP m\u00e0 t\u1eeb \u0111\u00f3 b\u1ea1n \u0111\u00e3 truy c\u1eadp trang web c\u1ee7a ch\u00fang t\u00f4i. Ch\u00fang t\u00f4i c\u0169ng c\u00f3 th\u1ec3 thu th\u1eadp th\u00f4ng tin v\u1ec1 lo\u1ea1i tr\u00ecnh duy\u1ec7t Internet b\u1ea1n \u0111ang s\u1eed d\u1ee5ng, h\u1ec7 \u0111i\u1ec1u h\u00e0nh, \u0111i\u1ec1u g\u00ec \u0111\u00e3 \u0111\u01b0a b\u1ea1n \u0111\u1ebfn Trang web c\u1ee7a ch\u00fang t\u00f4i c\u0169ng nh\u01b0 nh\u1eefng trang Web n\u00e0o b\u1ea1n \u0111\u00e3 truy c\u1eadp.<\/p>\n\n\n\n<p class=\"has-text-align-left\">Ngo\u00e0i ra, n\u1ebfu b\u1ea1n li\u00ean l\u1ea1c v\u1edbi ch\u00fang t\u00f4i v\u1ec1 Trang web ho\u1eb7c d\u1ecbch v\u1ee5 c\u1ee7a ch\u00fang t\u00f4i, ch\u00fang t\u00f4i s\u1ebd thu th\u1eadp m\u1ecdi th\u00f4ng tin m\u00e0 b\u1ea1n cung c\u1ea5p cho ch\u00fang t\u00f4i trong b\u1ea5t k\u1ef3 li\u00ean l\u1ea1c n\u00e0o nh\u01b0 v\u1eady.<\/p>\n\n\n\n<p class=\"has-text-align-left\">Ch\u00fang t\u00f4i c\u00f3 th\u1ec3 li\u00ean h\u1ec7 v\u1edbi b\u1ea1n qua email trong t\u01b0\u01a1ng lai \u0111\u1ec3 th\u00f4ng b\u00e1o cho b\u1ea1n v\u1ec1 c\u00e1c \u01b0u \u0111\u00e3i \u0111\u1eb7c bi\u1ec7t, s\u1ea3n ph\u1ea9m ho\u1eb7c d\u1ecbch v\u1ee5 m\u1edbi ho\u1eb7c nh\u1eefng thay \u0111\u1ed5i \u0111\u1ed1i v\u1edbi ch\u00ednh s\u00e1ch quy\u1ec1n ri\u00eang t\u01b0 n\u00e0y.<\/p>\n\n\n\n<h2 class=\"has-text-align-left wp-block-heading\">S\u1eed d\u1ee5ng th\u00f4ng tin<\/h2>\n\n\n\n<p class=\"has-text-align-left\">Ch\u00fang t\u00f4i s\u1eed d\u1ee5ng th\u00f4ng tin \u0111\u01b0\u1ee3c thu th\u1eadp ch\u1ee7 y\u1ebfu cho c\u00e1c m\u1ee5c \u0111\u00edch n\u1ed9i b\u1ed9 c\u1ee7a ri\u00eang m\u00ecnh, ch\u1eb3ng h\u1ea1n nh\u01b0 cung c\u1ea5p, duy tr\u00ec, \u0111\u00e1nh gi\u00e1 v\u00e0 c\u1ea3i thi\u1ec7n c\u00e1c d\u1ecbch v\u1ee5 v\u00e0 Trang web c\u1ee7a ch\u00fang t\u00f4i, \u0111\u00e1p \u1ee9ng c\u00e1c y\u00eau c\u1ea7u v\u1ec1 th\u00f4ng tin v\u00e0 cung c\u1ea5p h\u1ed7 tr\u1ee3 kh\u00e1ch h\u00e0ng.<\/p>\n\n\n\n<h2 class=\"has-text-align-left wp-block-heading\">\u0110\u1ed3ng \u00fd<\/h2>\n\n\n\n<p class=\"has-text-align-left\">B\u1eb1ng c\u00e1ch s\u1eed d\u1ee5ng Trang web n\u00e0y, b\u1ea1n \u0111\u1ed3ng \u00fd v\u1edbi vi\u1ec7c thu th\u1eadp v\u00e0 s\u1eed d\u1ee5ng th\u00f4ng tin nh\u01b0 \u0111\u00e3 n\u00eau \u1edf tr\u00ean. N\u1ebfu ch\u00fang t\u00f4i thay \u0111\u1ed5i Ch\u00ednh s\u00e1ch quy\u1ec1n ri\u00eang t\u01b0 c\u1ee7a m\u00ecnh, ch\u00fang t\u00f4i s\u1ebd \u0111\u0103ng nh\u1eefng thay \u0111\u1ed5i \u0111\u00f3 tr\u00ean trang n\u00e0y. Vui l\u00f2ng xem l\u1ea1i trang n\u00e0y th\u01b0\u1eddng xuy\u00ean \u0111\u1ec3 lu\u00f4n c\u1eadp nh\u1eadt th\u00f4ng tin ch\u00fang t\u00f4i thu th\u1eadp, c\u00e1ch ch\u00fang t\u00f4i s\u1eed d\u1ee5ng th\u00f4ng tin v\u00e0 ch\u00fang t\u00f4i ti\u1ebft l\u1ed9 th\u00f4ng tin \u0111\u00f3 trong nh\u1eefng tr\u01b0\u1eddng h\u1ee3p n\u00e0o. B\u1ea1n ph\u1ea3i xem x\u00e9t c\u1ea9n th\u1eadn Ch\u00ednh s\u00e1ch quy\u1ec1n ri\u00eang t\u01b0 m\u1edbi \u0111\u1ec3 \u0111\u1ea3m b\u1ea3o r\u1eb1ng b\u1ea1n hi\u1ec3u c\u00e1c th\u00f4ng l\u1ec7 v\u00e0 th\u1ee7 t\u1ee5c c\u1ee7a ch\u00fang t\u00f4i.<\/p>\n\n\n\n<p class=\"has-text-align-left\"><strong>N\u1ebfu b\u1ea1n c\u1ea3m th\u1ea5y r\u1eb1ng ch\u00fang t\u00f4i kh\u00f4ng tu\u00e2n th\u1ee7 ch\u00ednh s\u00e1ch quy\u1ec1n ri\u00eang t\u01b0 n\u00e0y, b\u1ea1n n\u00ean li\u00ean h\u1ec7 ngay v\u1edbi ch\u00fang t\u00f4i qua \u0111i\u1ec7n tho\u1ea1i theo s\u1ed1 <a href=\"tel:470-275-4911\">470-275-4911<\/a> ho\u1eb7c qua th\u01b0 Attn: Privacy Officer, 4775 Jimmy Carter Blvd, STE. 201, Norcross, GA 30093.<\/strong><\/p>\n<\/div><\/div>\n","protected":false},"excerpt":{"rendered":"<p>Ch\u00fang t\u00f4i nh\u1eadn th\u1ea5y r\u1eb1ng b\u1ea1n c\u00f3 th\u1ec3 lo ng\u1ea1i v\u1ec1 vi\u1ec7c ch\u00fang t\u00f4i s\u1eed d\u1ee5ng v\u00e0 ti\u1ebft l\u1ed9 th\u00f4ng tin c\u00e1 nh\u00e2n c\u1ee7a b\u1ea1n. Quy\u1ec1n ri\u00eang t\u01b0 c\u1ee7a b\u1ea1n r\u1ea5t quan tr\u1ecdng \u0111\u1ed1i v\u1edbi ch\u00fang t\u00f4i v\u00e0 ph\u1ea7n sau \u0111\u00e2y s\u1ebd cho b\u1ea1n bi\u1ebft th\u00f4ng tin m\u00e0 ch\u00fang t\u00f4i, Gwinnett Urgent Care &amp; Family [&hellip;]<\/p>\n","protected":false},"author":1,"featured_media":0,"parent":0,"menu_order":0,"comment_status":"closed","ping_status":"closed","template":"","meta":{"_acf_changed":false,"_monsterinsights_skip_tracking":false,"_monsterinsights_sitenote_active":false,"_monsterinsights_sitenote_note":"","_monsterinsights_sitenote_category":0,"footnotes":""},"class_list":["post-592","page","type-page","status-publish","hentry"],"acf":[],"yoast_head":"<!-- This site is optimized with the Yoast SEO plugin v20.1 - https:\/\/yoast.com\/wordpress\/plugins\/seo\/ -->\n<title>Ch\u00ednh s\u00e1ch Quy\u1ec1n ri\u00eang t\u01b0 - Gwinnett Emergency Care &amp; Family Practice<\/title>\n<meta name=\"description\" content=\"Quy\u1ec1n ri\u00eang t\u01b0 c\u1ee7a b\u1ea1n r\u1ea5t quan tr\u1ecdng \u0111\u1ed1i v\u1edbi ch\u00fang t\u00f4i v\u00e0 ph\u1ea7n sau \u0111\u00e2y s\u1ebd cho b\u1ea1n bi\u1ebft th\u00f4ng tin m\u00e0 ch\u00fang t\u00f4i, Gwinnett Urgent Care &amp; Family Practice, c\u00f3 th\u1ec3 thu th\u1eadp t\u1eeb b\u1ea1n v\u00e0 c\u00e1ch s\u1eed d\u1ee5ng th\u00f4ng tin \u0111\u00f3.\" \/>\n<meta name=\"robots\" content=\"index, follow, max-snippet:-1, max-image-preview:large, max-video-preview:-1\" \/>\n<link rel=\"canonical\" href=\"https:\/\/www.gucfp.com\/vi\/chinh-sach-bao-mat\/\" \/>\n<meta property=\"og:locale\" content=\"vi_VN\" \/>\n<meta property=\"og:type\" content=\"article\" \/>\n<meta property=\"og:title\" content=\"Ch\u00ednh s\u00e1ch Quy\u1ec1n ri\u00eang t\u01b0 - Gwinnett Emergency Care &amp; Family Practice\" \/>\n<meta property=\"og:description\" content=\"Quy\u1ec1n ri\u00eang t\u01b0 c\u1ee7a b\u1ea1n r\u1ea5t quan tr\u1ecdng \u0111\u1ed1i v\u1edbi ch\u00fang t\u00f4i v\u00e0 ph\u1ea7n sau \u0111\u00e2y s\u1ebd cho b\u1ea1n bi\u1ebft th\u00f4ng tin m\u00e0 ch\u00fang t\u00f4i, Gwinnett Urgent Care &amp; Family Practice, c\u00f3 th\u1ec3 thu th\u1eadp t\u1eeb b\u1ea1n v\u00e0 c\u00e1ch s\u1eed d\u1ee5ng th\u00f4ng tin \u0111\u00f3.\" \/>\n<meta property=\"og:url\" content=\"https:\/\/www.gucfp.com\/vi\/chinh-sach-bao-mat\/\" \/>\n<meta property=\"og:site_name\" content=\"GWINNETT URGENT CARE &amp; FAMILY PRACTICE\" \/>\n<meta property=\"article:modified_time\" content=\"2023-02-09T12:00:05+00:00\" \/>\n<meta name=\"twitter:card\" content=\"summary_large_image\" \/>\n<meta name=\"twitter:label1\" content=\"Est. reading time\" \/>\n\t<meta name=\"twitter:data1\" content=\"4 minutes\" \/>\n<script type=\"application\/ld+json\" class=\"yoast-schema-graph\">{\"@context\":\"https:\/\/schema.org\",\"@graph\":[{\"@type\":\"WebPage\",\"@id\":\"https:\/\/www.gucfp.com\/vi\/chinh-sach-bao-mat\/\",\"url\":\"https:\/\/www.gucfp.com\/vi\/chinh-sach-bao-mat\/\",\"name\":\"Ch\u00ednh s\u00e1ch Quy\u1ec1n ri\u00eang t\u01b0 - Gwinnett Emergency Care & Family Practice\",\"isPartOf\":{\"@id\":\"https:\/\/www.gucfp.com\/vi\/#website\"},\"datePublished\":\"2023-01-11T11:13:33+00:00\",\"dateModified\":\"2023-02-09T12:00:05+00:00\",\"description\":\"Quy\u1ec1n ri\u00eang t\u01b0 c\u1ee7a b\u1ea1n r\u1ea5t quan tr\u1ecdng \u0111\u1ed1i v\u1edbi ch\u00fang t\u00f4i v\u00e0 ph\u1ea7n sau \u0111\u00e2y s\u1ebd cho b\u1ea1n bi\u1ebft th\u00f4ng tin m\u00e0 ch\u00fang t\u00f4i, Gwinnett Urgent Care & Family Practice, c\u00f3 th\u1ec3 thu th\u1eadp t\u1eeb b\u1ea1n v\u00e0 c\u00e1ch s\u1eed d\u1ee5ng th\u00f4ng tin \u0111\u00f3.\",\"breadcrumb\":{\"@id\":\"https:\/\/www.gucfp.com\/vi\/chinh-sach-bao-mat\/#breadcrumb\"},\"inLanguage\":\"vi-VN\",\"potentialAction\":[{\"@type\":\"ReadAction\",\"target\":[\"https:\/\/www.gucfp.com\/vi\/chinh-sach-bao-mat\/\"]}]},{\"@type\":\"BreadcrumbList\",\"@id\":\"https:\/\/www.gucfp.com\/vi\/chinh-sach-bao-mat\/#breadcrumb\",\"itemListElement\":[{\"@type\":\"ListItem\",\"position\":1,\"name\":\"Home\",\"item\":\"https:\/\/www.gucfp.com\/vi\/nha\/\"},{\"@type\":\"ListItem\",\"position\":2,\"name\":\"Ch\u00ednh s\u00e1ch b\u1ea3o m\u1eadt\"}]},{\"@type\":\"WebSite\",\"@id\":\"https:\/\/www.gucfp.com\/vi\/#website\",\"url\":\"https:\/\/www.gucfp.com\/vi\/\",\"name\":\"GWINNETT URGENT CARE &amp; FAMILY PRACTICE\",\"description\":\"Medical Practitioners Located in Norcross, GA\",\"potentialAction\":[{\"@type\":\"SearchAction\",\"target\":{\"@type\":\"EntryPoint\",\"urlTemplate\":\"https:\/\/www.gucfp.com\/vi\/?s={search_term_string}\"},\"query-input\":\"required name=search_term_string\"}],\"inLanguage\":\"vi-VN\"}]}<\/script>\n<!-- \/ Yoast SEO plugin. -->","yoast_head_json":{"title":"Ch\u00ednh s\u00e1ch Quy\u1ec1n ri\u00eang t\u01b0 - Gwinnett Emergency Care & Family Practice","description":"Quy\u1ec1n ri\u00eang t\u01b0 c\u1ee7a b\u1ea1n r\u1ea5t quan tr\u1ecdng \u0111\u1ed1i v\u1edbi ch\u00fang t\u00f4i v\u00e0 ph\u1ea7n sau \u0111\u00e2y s\u1ebd cho b\u1ea1n bi\u1ebft th\u00f4ng tin m\u00e0 ch\u00fang t\u00f4i, Gwinnett Urgent Care & Family Practice, c\u00f3 th\u1ec3 thu th\u1eadp t\u1eeb b\u1ea1n v\u00e0 c\u00e1ch s\u1eed d\u1ee5ng th\u00f4ng tin \u0111\u00f3.","robots":{"index":"index","follow":"follow","max-snippet":"max-snippet:-1","max-image-preview":"max-image-preview:large","max-video-preview":"max-video-preview:-1"},"canonical":"https:\/\/www.gucfp.com\/vi\/chinh-sach-bao-mat\/","og_locale":"vi_VN","og_type":"article","og_title":"Ch\u00ednh s\u00e1ch Quy\u1ec1n ri\u00eang t\u01b0 - Gwinnett Emergency Care & Family Practice","og_description":"Quy\u1ec1n ri\u00eang t\u01b0 c\u1ee7a b\u1ea1n r\u1ea5t quan tr\u1ecdng \u0111\u1ed1i v\u1edbi ch\u00fang t\u00f4i v\u00e0 ph\u1ea7n sau \u0111\u00e2y s\u1ebd cho b\u1ea1n bi\u1ebft th\u00f4ng tin m\u00e0 ch\u00fang t\u00f4i, Gwinnett Urgent Care & Family Practice, c\u00f3 th\u1ec3 thu th\u1eadp t\u1eeb b\u1ea1n v\u00e0 c\u00e1ch s\u1eed d\u1ee5ng th\u00f4ng tin \u0111\u00f3.","og_url":"https:\/\/www.gucfp.com\/vi\/chinh-sach-bao-mat\/","og_site_name":"GWINNETT URGENT CARE &amp; FAMILY PRACTICE","article_modified_time":"2023-02-09T12:00:05+00:00","twitter_card":"summary_large_image","twitter_misc":{"Est. reading time":"4 minutes"},"schema":{"@context":"https:\/\/schema.org","@graph":[{"@type":"WebPage","@id":"https:\/\/www.gucfp.com\/vi\/chinh-sach-bao-mat\/","url":"https:\/\/www.gucfp.com\/vi\/chinh-sach-bao-mat\/","name":"Ch\u00ednh s\u00e1ch Quy\u1ec1n ri\u00eang t\u01b0 - Gwinnett Emergency Care & Family Practice","isPartOf":{"@id":"https:\/\/www.gucfp.com\/vi\/#website"},"datePublished":"2023-01-11T11:13:33+00:00","dateModified":"2023-02-09T12:00:05+00:00","description":"Quy\u1ec1n ri\u00eang t\u01b0 c\u1ee7a b\u1ea1n r\u1ea5t quan tr\u1ecdng \u0111\u1ed1i v\u1edbi ch\u00fang t\u00f4i v\u00e0 ph\u1ea7n sau \u0111\u00e2y s\u1ebd cho b\u1ea1n bi\u1ebft th\u00f4ng tin m\u00e0 ch\u00fang t\u00f4i, Gwinnett Urgent Care & Family Practice, c\u00f3 th\u1ec3 thu th\u1eadp t\u1eeb b\u1ea1n v\u00e0 c\u00e1ch s\u1eed d\u1ee5ng th\u00f4ng tin \u0111\u00f3.","breadcrumb":{"@id":"https:\/\/www.gucfp.com\/vi\/chinh-sach-bao-mat\/#breadcrumb"},"inLanguage":"vi-VN","potentialAction":[{"@type":"ReadAction","target":["https:\/\/www.gucfp.com\/vi\/chinh-sach-bao-mat\/"]}]},{"@type":"BreadcrumbList","@id":"https:\/\/www.gucfp.com\/vi\/chinh-sach-bao-mat\/#breadcrumb","itemListElement":[{"@type":"ListItem","position":1,"name":"Home","item":"https:\/\/www.gucfp.com\/vi\/nha\/"},{"@type":"ListItem","position":2,"name":"Ch\u00ednh s\u00e1ch b\u1ea3o m\u1eadt"}]},{"@type":"WebSite","@id":"https:\/\/www.gucfp.com\/vi\/#website","url":"https:\/\/www.gucfp.com\/vi\/","name":"GWINNETT URGENT CARE &amp; FAMILY PRACTICE","description":"Medical Practitioners Located in Norcross, GA","potentialAction":[{"@type":"SearchAction","target":{"@type":"EntryPoint","urlTemplate":"https:\/\/www.gucfp.com\/vi\/?s={search_term_string}"},"query-input":"required name=search_term_string"}],"inLanguage":"vi-VN"}]}},"featured_image_src":null,"featured_image_src_square":null,"_links":{"self":[{"href":"https:\/\/www.gucfp.com\/vi\/wp-json\/wp\/v2\/pages\/592","targetHints":{"allow":["GET"]}}],"collection":[{"href":"https:\/\/www.gucfp.com\/vi\/wp-json\/wp\/v2\/pages"}],"about":[{"href":"https:\/\/www.gucfp.com\/vi\/wp-json\/wp\/v2\/types\/page"}],"author":[{"embeddable":true,"href":"https:\/\/www.gucfp.com\/vi\/wp-json\/wp\/v2\/users\/1"}],"replies":[{"embeddable":true,"href":"https:\/\/www.gucfp.com\/vi\/wp-json\/wp\/v2\/comments?post=592"}],"version-history":[{"count":0,"href":"https:\/\/www.gucfp.com\/vi\/wp-json\/wp\/v2\/pages\/592\/revisions"}],"wp:attachment":[{"href":"https:\/\/www.gucfp.com\/vi\/wp-json\/wp\/v2\/media?parent=592"}],"curies":[{"name":"wp","href":"https:\/\/api.w.org\/{rel}","templated":true}]}}