{"id":591,"date":"2023-01-02T09:58:35","date_gmt":"2023-01-02T09:58:35","guid":{"rendered":"https:\/\/www.gucfp.com\/nha\/"},"modified":"2023-04-06T12:44:54","modified_gmt":"2023-04-06T12:44:54","slug":"nha","status":"publish","type":"page","link":"https:\/\/www.gucfp.com\/vi\/","title":{"rendered":"Nh\u00e0"},"content":{"rendered":"","protected":false},"excerpt":{"rendered":"","protected":false},"author":2,"featured_media":0,"parent":0,"menu_order":0,"comment_status":"closed","ping_status":"closed","template":"templates\/homepage.php","meta":{"_acf_changed":false,"_monsterinsights_skip_tracking":false,"_monsterinsights_sitenote_active":false,"_monsterinsights_sitenote_note":"","_monsterinsights_sitenote_category":0,"footnotes":""},"class_list":["post-591","page","type-page","status-publish","hentry"],"acf":[],"yoast_head":"<!-- This site is optimized with the Yoast SEO plugin v20.1 - https:\/\/yoast.com\/wordpress\/plugins\/seo\/ -->\n<title>Ch\u0103m s\u00f3c Kh\u1ea9n c\u1ea5p Gwinnett &amp; Th\u1ef1c h\u00e0nh Gia \u0111\u00ecnh: Ch\u0103m s\u00f3c Kh\u1ea9n c\u1ea5p Norcross<\/title>\n<meta name=\"description\" content=\"Ch\u00fang t\u00f4i cung c\u1ea5p c\u00e1c d\u1ecbch v\u1ee5 y t\u1ebf kh\u1ea9n c\u1ea5p v\u00e0 th\u00f4ng th\u01b0\u1eddng v\u1edbi gi\u00e1 ph\u1ea3i ch\u0103ng \u1edf Norcross, GA. Ch\u00fang t\u00f4i ch\u1ea5p nh\u1eadn h\u1ea7u h\u1ebft c\u00e1c k\u1ebf ho\u1ea1ch b\u1ea3o hi\u1ec3m. \u0110i b\u1ed9, g\u1ecdi cho ch\u00fang t\u00f4i, ho\u1eb7c l\u00ean l\u1ecbch tr\u1ef1c tuy\u1ebfn ngay h\u00f4m nay!\" \/>\n<meta name=\"robots\" content=\"index, follow, max-snippet:-1, max-image-preview:large, max-video-preview:-1\" \/>\n<link rel=\"canonical\" href=\"https:\/\/www.gucfp.com\/vi\/\" \/>\n<meta property=\"og:locale\" content=\"vi_VN\" \/>\n<meta property=\"og:type\" content=\"article\" \/>\n<meta property=\"og:title\" content=\"Ch\u0103m s\u00f3c Kh\u1ea9n c\u1ea5p Gwinnett &amp; Th\u1ef1c h\u00e0nh Gia \u0111\u00ecnh: Ch\u0103m s\u00f3c Kh\u1ea9n c\u1ea5p Norcross\" \/>\n<meta property=\"og:description\" content=\"Ch\u00fang t\u00f4i cung c\u1ea5p c\u00e1c d\u1ecbch v\u1ee5 y t\u1ebf kh\u1ea9n c\u1ea5p v\u00e0 th\u00f4ng th\u01b0\u1eddng v\u1edbi gi\u00e1 ph\u1ea3i ch\u0103ng \u1edf Norcross, GA. Ch\u00fang t\u00f4i ch\u1ea5p nh\u1eadn h\u1ea7u h\u1ebft c\u00e1c k\u1ebf ho\u1ea1ch b\u1ea3o hi\u1ec3m. \u0110i b\u1ed9, g\u1ecdi cho ch\u00fang t\u00f4i, ho\u1eb7c l\u00ean l\u1ecbch tr\u1ef1c tuy\u1ebfn ngay h\u00f4m nay!\" \/>\n<meta property=\"og:url\" content=\"https:\/\/www.gucfp.com\/vi\/\" \/>\n<meta property=\"og:site_name\" content=\"GWINNETT URGENT CARE &amp; FAMILY PRACTICE\" \/>\n<meta property=\"article:modified_time\" content=\"2023-04-06T12:44:54+00:00\" \/>\n<meta name=\"twitter:card\" content=\"summary_large_image\" \/>\n<script type=\"application\/ld+json\" class=\"yoast-schema-graph\">{\"@context\":\"https:\/\/schema.org\",\"@graph\":[{\"@type\":\"WebPage\",\"@id\":\"https:\/\/www.gucfp.com\/vi\/\",\"url\":\"https:\/\/www.gucfp.com\/vi\/\",\"name\":\"Ch\u0103m s\u00f3c Kh\u1ea9n c\u1ea5p Gwinnett & Th\u1ef1c h\u00e0nh Gia \u0111\u00ecnh: Ch\u0103m s\u00f3c Kh\u1ea9n c\u1ea5p Norcross\",\"isPartOf\":{\"@id\":\"https:\/\/www.gucfp.com\/vi\/#website\"},\"datePublished\":\"2023-01-02T09:58:35+00:00\",\"dateModified\":\"2023-04-06T12:44:54+00:00\",\"description\":\"Ch\u00fang t\u00f4i cung c\u1ea5p c\u00e1c d\u1ecbch v\u1ee5 y t\u1ebf kh\u1ea9n c\u1ea5p v\u00e0 th\u00f4ng th\u01b0\u1eddng v\u1edbi gi\u00e1 ph\u1ea3i ch\u0103ng \u1edf Norcross, GA. Ch\u00fang t\u00f4i ch\u1ea5p nh\u1eadn h\u1ea7u h\u1ebft c\u00e1c k\u1ebf ho\u1ea1ch b\u1ea3o hi\u1ec3m. \u0110i b\u1ed9, g\u1ecdi cho ch\u00fang t\u00f4i, ho\u1eb7c l\u00ean l\u1ecbch tr\u1ef1c tuy\u1ebfn ngay h\u00f4m nay!\",\"breadcrumb\":{\"@id\":\"https:\/\/www.gucfp.com\/vi\/#breadcrumb\"},\"inLanguage\":\"vi-VN\",\"potentialAction\":[{\"@type\":\"ReadAction\",\"target\":[\"https:\/\/www.gucfp.com\/vi\/\"]}]},{\"@type\":\"BreadcrumbList\",\"@id\":\"https:\/\/www.gucfp.com\/vi\/#breadcrumb\",\"itemListElement\":[{\"@type\":\"ListItem\",\"position\":1,\"name\":\"Home\",\"item\":\"https:\/\/www.gucfp.com\/vi\/nha\/\"},{\"@type\":\"ListItem\",\"position\":2,\"name\":\"Nh\u00e0\"}]},{\"@type\":\"WebSite\",\"@id\":\"https:\/\/www.gucfp.com\/vi\/#website\",\"url\":\"https:\/\/www.gucfp.com\/vi\/\",\"name\":\"GWINNETT URGENT CARE &amp; FAMILY PRACTICE\",\"description\":\"Medical Practitioners Located in Norcross, GA\",\"potentialAction\":[{\"@type\":\"SearchAction\",\"target\":{\"@type\":\"EntryPoint\",\"urlTemplate\":\"https:\/\/www.gucfp.com\/vi\/?s={search_term_string}\"},\"query-input\":\"required name=search_term_string\"}],\"inLanguage\":\"vi-VN\"}]}<\/script>\n<!-- \/ Yoast SEO plugin. -->","yoast_head_json":{"title":"Ch\u0103m s\u00f3c Kh\u1ea9n c\u1ea5p Gwinnett & Th\u1ef1c h\u00e0nh Gia \u0111\u00ecnh: Ch\u0103m s\u00f3c Kh\u1ea9n c\u1ea5p Norcross","description":"Ch\u00fang t\u00f4i cung c\u1ea5p c\u00e1c d\u1ecbch v\u1ee5 y t\u1ebf kh\u1ea9n c\u1ea5p v\u00e0 th\u00f4ng th\u01b0\u1eddng v\u1edbi gi\u00e1 ph\u1ea3i ch\u0103ng \u1edf Norcross, GA. Ch\u00fang t\u00f4i ch\u1ea5p nh\u1eadn h\u1ea7u h\u1ebft c\u00e1c k\u1ebf ho\u1ea1ch b\u1ea3o hi\u1ec3m. \u0110i b\u1ed9, g\u1ecdi cho ch\u00fang t\u00f4i, ho\u1eb7c l\u00ean l\u1ecbch tr\u1ef1c tuy\u1ebfn ngay h\u00f4m nay!","robots":{"index":"index","follow":"follow","max-snippet":"max-snippet:-1","max-image-preview":"max-image-preview:large","max-video-preview":"max-video-preview:-1"},"canonical":"https:\/\/www.gucfp.com\/vi\/","og_locale":"vi_VN","og_type":"article","og_title":"Ch\u0103m s\u00f3c Kh\u1ea9n c\u1ea5p Gwinnett & Th\u1ef1c h\u00e0nh Gia \u0111\u00ecnh: Ch\u0103m s\u00f3c Kh\u1ea9n c\u1ea5p Norcross","og_description":"Ch\u00fang t\u00f4i cung c\u1ea5p c\u00e1c d\u1ecbch v\u1ee5 y t\u1ebf kh\u1ea9n c\u1ea5p v\u00e0 th\u00f4ng th\u01b0\u1eddng v\u1edbi gi\u00e1 ph\u1ea3i ch\u0103ng \u1edf Norcross, GA. Ch\u00fang t\u00f4i ch\u1ea5p nh\u1eadn h\u1ea7u h\u1ebft c\u00e1c k\u1ebf ho\u1ea1ch b\u1ea3o hi\u1ec3m. \u0110i b\u1ed9, g\u1ecdi cho ch\u00fang t\u00f4i, ho\u1eb7c l\u00ean l\u1ecbch tr\u1ef1c tuy\u1ebfn ngay h\u00f4m nay!","og_url":"https:\/\/www.gucfp.com\/vi\/","og_site_name":"GWINNETT URGENT CARE &amp; FAMILY PRACTICE","article_modified_time":"2023-04-06T12:44:54+00:00","twitter_card":"summary_large_image","schema":{"@context":"https:\/\/schema.org","@graph":[{"@type":"WebPage","@id":"https:\/\/www.gucfp.com\/vi\/","url":"https:\/\/www.gucfp.com\/vi\/","name":"Ch\u0103m s\u00f3c Kh\u1ea9n c\u1ea5p Gwinnett & Th\u1ef1c h\u00e0nh Gia \u0111\u00ecnh: Ch\u0103m s\u00f3c Kh\u1ea9n c\u1ea5p Norcross","isPartOf":{"@id":"https:\/\/www.gucfp.com\/vi\/#website"},"datePublished":"2023-01-02T09:58:35+00:00","dateModified":"2023-04-06T12:44:54+00:00","description":"Ch\u00fang t\u00f4i cung c\u1ea5p c\u00e1c d\u1ecbch v\u1ee5 y t\u1ebf kh\u1ea9n c\u1ea5p v\u00e0 th\u00f4ng th\u01b0\u1eddng v\u1edbi gi\u00e1 ph\u1ea3i ch\u0103ng \u1edf Norcross, GA. Ch\u00fang t\u00f4i ch\u1ea5p nh\u1eadn h\u1ea7u h\u1ebft c\u00e1c k\u1ebf ho\u1ea1ch b\u1ea3o hi\u1ec3m. \u0110i b\u1ed9, g\u1ecdi cho ch\u00fang t\u00f4i, ho\u1eb7c l\u00ean l\u1ecbch tr\u1ef1c tuy\u1ebfn ngay h\u00f4m nay!","breadcrumb":{"@id":"https:\/\/www.gucfp.com\/vi\/#breadcrumb"},"inLanguage":"vi-VN","potentialAction":[{"@type":"ReadAction","target":["https:\/\/www.gucfp.com\/vi\/"]}]},{"@type":"BreadcrumbList","@id":"https:\/\/www.gucfp.com\/vi\/#breadcrumb","itemListElement":[{"@type":"ListItem","position":1,"name":"Home","item":"https:\/\/www.gucfp.com\/vi\/nha\/"},{"@type":"ListItem","position":2,"name":"Nh\u00e0"}]},{"@type":"WebSite","@id":"https:\/\/www.gucfp.com\/vi\/#website","url":"https:\/\/www.gucfp.com\/vi\/","name":"GWINNETT URGENT CARE &amp; FAMILY PRACTICE","description":"Medical Practitioners Located in Norcross, GA","potentialAction":[{"@type":"SearchAction","target":{"@type":"EntryPoint","urlTemplate":"https:\/\/www.gucfp.com\/vi\/?s={search_term_string}"},"query-input":"required name=search_term_string"}],"inLanguage":"vi-VN"}]}},"featured_image_src":null,"featured_image_src_square":null,"_links":{"self":[{"href":"https:\/\/www.gucfp.com\/vi\/wp-json\/wp\/v2\/pages\/591","targetHints":{"allow":["GET"]}}],"collection":[{"href":"https:\/\/www.gucfp.com\/vi\/wp-json\/wp\/v2\/pages"}],"about":[{"href":"https:\/\/www.gucfp.com\/vi\/wp-json\/wp\/v2\/types\/page"}],"author":[{"embeddable":true,"href":"https:\/\/www.gucfp.com\/vi\/wp-json\/wp\/v2\/users\/2"}],"replies":[{"embeddable":true,"href":"https:\/\/www.gucfp.com\/vi\/wp-json\/wp\/v2\/comments?post=591"}],"version-history":[{"count":0,"href":"https:\/\/www.gucfp.com\/vi\/wp-json\/wp\/v2\/pages\/591\/revisions"}],"wp:attachment":[{"href":"https:\/\/www.gucfp.com\/vi\/wp-json\/wp\/v2\/media?parent=591"}],"curies":[{"name":"wp","href":"https:\/\/api.w.org\/{rel}","templated":true}]}}