{"id":590,"date":"2023-01-02T09:58:35","date_gmt":"2023-01-02T09:58:35","guid":{"rendered":"https:\/\/www.gucfp.com\/inicio\/"},"modified":"2023-04-06T12:44:53","modified_gmt":"2023-04-06T12:44:53","slug":"inicio","status":"publish","type":"page","link":"https:\/\/www.gucfp.com\/es\/","title":{"rendered":"Inicio"},"content":{"rendered":"","protected":false},"excerpt":{"rendered":"","protected":false},"author":2,"featured_media":0,"parent":0,"menu_order":0,"comment_status":"closed","ping_status":"closed","template":"templates\/homepage.php","meta":{"_acf_changed":false,"_monsterinsights_skip_tracking":false,"_monsterinsights_sitenote_active":false,"_monsterinsights_sitenote_note":"","_monsterinsights_sitenote_category":0,"footnotes":""},"class_list":["post-590","page","type-page","status-publish","hentry"],"acf":[],"yoast_head":"<!-- This site is optimized with the Yoast SEO plugin v20.1 - https:\/\/yoast.com\/wordpress\/plugins\/seo\/ -->\n<title>Gwinnett Urgent Care &amp; Family Practice: Norcross Urgent Care<\/title>\n<meta name=\"description\" content=\"Ofrecemos servicios m\u00e9dicos de rutina y de emergencia asequibles en Norcross, GA. Aceptamos la mayor\u00eda de los seguros. Vis\u00edtenos, ll\u00e1menos o haga su reserva online hoy mismo.\" \/>\n<meta name=\"robots\" content=\"index, follow, max-snippet:-1, max-image-preview:large, max-video-preview:-1\" \/>\n<link rel=\"canonical\" href=\"https:\/\/www.gucfp.com\/es\/\" \/>\n<meta property=\"og:locale\" content=\"es_ES\" \/>\n<meta property=\"og:type\" content=\"article\" \/>\n<meta property=\"og:title\" content=\"Gwinnett Urgent Care &amp; Family Practice: Norcross Urgent Care\" \/>\n<meta property=\"og:description\" content=\"Ofrecemos servicios m\u00e9dicos de rutina y de emergencia asequibles en Norcross, GA. Aceptamos la mayor\u00eda de los seguros. Vis\u00edtenos, ll\u00e1menos o haga su reserva online hoy mismo.\" \/>\n<meta property=\"og:url\" content=\"https:\/\/www.gucfp.com\/es\/\" \/>\n<meta property=\"og:site_name\" content=\"GWINNETT URGENT CARE &amp; FAMILY PRACTICE\" \/>\n<meta property=\"article:modified_time\" content=\"2023-04-06T12:44:53+00:00\" \/>\n<meta name=\"twitter:card\" content=\"summary_large_image\" \/>\n<script type=\"application\/ld+json\" class=\"yoast-schema-graph\">{\"@context\":\"https:\/\/schema.org\",\"@graph\":[{\"@type\":\"WebPage\",\"@id\":\"https:\/\/www.gucfp.com\/es\/\",\"url\":\"https:\/\/www.gucfp.com\/es\/\",\"name\":\"Gwinnett Urgent Care & Family Practice: Norcross Urgent Care\",\"isPartOf\":{\"@id\":\"https:\/\/www.gucfp.com\/es\/#website\"},\"datePublished\":\"2023-01-02T09:58:35+00:00\",\"dateModified\":\"2023-04-06T12:44:53+00:00\",\"description\":\"Ofrecemos servicios m\u00e9dicos de rutina y de emergencia asequibles en Norcross, GA. Aceptamos la mayor\u00eda de los seguros. Vis\u00edtenos, ll\u00e1menos o haga su reserva online hoy mismo.\",\"breadcrumb\":{\"@id\":\"https:\/\/www.gucfp.com\/es\/#breadcrumb\"},\"inLanguage\":\"es\",\"potentialAction\":[{\"@type\":\"ReadAction\",\"target\":[\"https:\/\/www.gucfp.com\/es\/\"]}]},{\"@type\":\"BreadcrumbList\",\"@id\":\"https:\/\/www.gucfp.com\/es\/#breadcrumb\",\"itemListElement\":[{\"@type\":\"ListItem\",\"position\":1,\"name\":\"Home\",\"item\":\"https:\/\/www.gucfp.com\/es\/inicio\/\"},{\"@type\":\"ListItem\",\"position\":2,\"name\":\"Inicio\"}]},{\"@type\":\"WebSite\",\"@id\":\"https:\/\/www.gucfp.com\/es\/#website\",\"url\":\"https:\/\/www.gucfp.com\/es\/\",\"name\":\"GWINNETT URGENT CARE &amp; FAMILY PRACTICE\",\"description\":\"Medical Practitioners Located in Norcross, GA\",\"potentialAction\":[{\"@type\":\"SearchAction\",\"target\":{\"@type\":\"EntryPoint\",\"urlTemplate\":\"https:\/\/www.gucfp.com\/es\/?s={search_term_string}\"},\"query-input\":\"required name=search_term_string\"}],\"inLanguage\":\"es\"}]}<\/script>\n<!-- \/ Yoast SEO plugin. -->","yoast_head_json":{"title":"Gwinnett Urgent Care & Family Practice: Norcross Urgent Care","description":"Ofrecemos servicios m\u00e9dicos de rutina y de emergencia asequibles en Norcross, GA. Aceptamos la mayor\u00eda de los seguros. Vis\u00edtenos, ll\u00e1menos o haga su reserva online hoy mismo.","robots":{"index":"index","follow":"follow","max-snippet":"max-snippet:-1","max-image-preview":"max-image-preview:large","max-video-preview":"max-video-preview:-1"},"canonical":"https:\/\/www.gucfp.com\/es\/","og_locale":"es_ES","og_type":"article","og_title":"Gwinnett Urgent Care & Family Practice: Norcross Urgent Care","og_description":"Ofrecemos servicios m\u00e9dicos de rutina y de emergencia asequibles en Norcross, GA. Aceptamos la mayor\u00eda de los seguros. Vis\u00edtenos, ll\u00e1menos o haga su reserva online hoy mismo.","og_url":"https:\/\/www.gucfp.com\/es\/","og_site_name":"GWINNETT URGENT CARE &amp; FAMILY PRACTICE","article_modified_time":"2023-04-06T12:44:53+00:00","twitter_card":"summary_large_image","schema":{"@context":"https:\/\/schema.org","@graph":[{"@type":"WebPage","@id":"https:\/\/www.gucfp.com\/es\/","url":"https:\/\/www.gucfp.com\/es\/","name":"Gwinnett Urgent Care & Family Practice: Norcross Urgent Care","isPartOf":{"@id":"https:\/\/www.gucfp.com\/es\/#website"},"datePublished":"2023-01-02T09:58:35+00:00","dateModified":"2023-04-06T12:44:53+00:00","description":"Ofrecemos servicios m\u00e9dicos de rutina y de emergencia asequibles en Norcross, GA. Aceptamos la mayor\u00eda de los seguros. Vis\u00edtenos, ll\u00e1menos o haga su reserva online hoy mismo.","breadcrumb":{"@id":"https:\/\/www.gucfp.com\/es\/#breadcrumb"},"inLanguage":"es","potentialAction":[{"@type":"ReadAction","target":["https:\/\/www.gucfp.com\/es\/"]}]},{"@type":"BreadcrumbList","@id":"https:\/\/www.gucfp.com\/es\/#breadcrumb","itemListElement":[{"@type":"ListItem","position":1,"name":"Home","item":"https:\/\/www.gucfp.com\/es\/inicio\/"},{"@type":"ListItem","position":2,"name":"Inicio"}]},{"@type":"WebSite","@id":"https:\/\/www.gucfp.com\/es\/#website","url":"https:\/\/www.gucfp.com\/es\/","name":"GWINNETT URGENT CARE &amp; FAMILY PRACTICE","description":"Medical Practitioners Located in Norcross, GA","potentialAction":[{"@type":"SearchAction","target":{"@type":"EntryPoint","urlTemplate":"https:\/\/www.gucfp.com\/es\/?s={search_term_string}"},"query-input":"required name=search_term_string"}],"inLanguage":"es"}]}},"featured_image_src":null,"featured_image_src_square":null,"_links":{"self":[{"href":"https:\/\/www.gucfp.com\/es\/wp-json\/wp\/v2\/pages\/590","targetHints":{"allow":["GET"]}}],"collection":[{"href":"https:\/\/www.gucfp.com\/es\/wp-json\/wp\/v2\/pages"}],"about":[{"href":"https:\/\/www.gucfp.com\/es\/wp-json\/wp\/v2\/types\/page"}],"author":[{"embeddable":true,"href":"https:\/\/www.gucfp.com\/es\/wp-json\/wp\/v2\/users\/2"}],"replies":[{"embeddable":true,"href":"https:\/\/www.gucfp.com\/es\/wp-json\/wp\/v2\/comments?post=590"}],"version-history":[{"count":0,"href":"https:\/\/www.gucfp.com\/es\/wp-json\/wp\/v2\/pages\/590\/revisions"}],"wp:attachment":[{"href":"https:\/\/www.gucfp.com\/es\/wp-json\/wp\/v2\/media?parent=590"}],"curies":[{"name":"wp","href":"https:\/\/api.w.org\/{rel}","templated":true}]}}